{"id":2167,"date":"2025-04-14T06:18:33","date_gmt":"2025-04-14T06:18:33","guid":{"rendered":"https:\/\/johntekvalve.com\/?page_id=2167"},"modified":"2025-04-16T14:12:12","modified_gmt":"2025-04-16T14:12:12","slug":"conditions-dutilisation","status":"publish","type":"page","link":"https:\/\/johntekvalve.com\/fr\/conditions-dutilisation\/","title":{"rendered":"Conditions d&rsquo;utilisation"},"content":{"rendered":"\t\t<div data-elementor-type=\"wp-page\" data-elementor-id=\"2167\" class=\"elementor elementor-2167 elementor-153\" data-elementor-post-type=\"page\">\n\t\t\t\t<div class=\"elementor-element elementor-element-5fe682ce e-flex e-con-boxed e-con e-parent\" data-id=\"5fe682ce\" data-element_type=\"container\" data-settings=\"{&quot;background_background&quot;:&quot;classic&quot;}\">\n\t\t\t\t\t<div class=\"e-con-inner\">\n\t\t<div class=\"elementor-element elementor-element-d8f6446 e-con-full e-flex e-con e-child\" data-id=\"d8f6446\" data-element_type=\"container\">\n\t\t<div class=\"elementor-element elementor-element-4293f143 e-con-full e-flex e-con e-child\" data-id=\"4293f143\" data-element_type=\"container\">\n\t\t\t\t<div class=\"elementor-element elementor-element-1673e720 elementor-widget elementor-widget-gum_heading\" data-id=\"1673e720\" data-element_type=\"widget\" data-widget_type=\"gum_heading.default\">\n\t\t\t\t<div class=\"elementor-widget-container\">\n\t\t\t\t\t<div class=\"gum-widget-title\"><h1 class=\"section-main-title size-large\">Conditions d&rsquo;utilisation<\/h1><\/div>\t\t\t\t<\/div>\n\t\t\t\t<\/div>\n\t\t\t\t<\/div>\n\t\t\t\t<\/div>\n\t\t\t\t\t<\/div>\n\t\t\t\t<\/div>\n\t\t<div class=\"elementor-element elementor-element-3fe3bd4d e-flex e-con-boxed e-con e-parent\" data-id=\"3fe3bd4d\" data-element_type=\"container\" data-settings=\"{&quot;background_background&quot;:&quot;classic&quot;}\">\n\t\t\t\t\t<div class=\"e-con-inner\">\n\t\t\t\t<div class=\"elementor-element elementor-element-3144aeb elementor-widget elementor-widget-text-editor\" data-id=\"3144aeb\" data-element_type=\"widget\" data-widget_type=\"text-editor.default\">\n\t\t\t\t<div class=\"elementor-widget-container\">\n\t\t\t\t\t\t\t\t\t<p style=\"text-align: center;\">Bienvenue sur JohntekValve.com. En acc\u00e9dant \u00e0 notre site web ou en l&rsquo;utilisant, vous acceptez les conditions d&rsquo;utilisation suivantes. Si vous n&rsquo;acceptez pas ces conditions, veuillez ne pas utiliser ce site.<\/p><p style=\"text-align: center;\"><strong>Acceptation des conditions<\/strong><\/p><p style=\"text-align: center;\">En acc\u00e9dant \u00e0 ce site web et en l&rsquo;utilisant, vous acceptez les conditions g\u00e9n\u00e9rales d\u00e9crites dans le pr\u00e9sent accord. Si vous n&rsquo;acceptez pas ces conditions, veuillez vous abstenir de l&rsquo;utiliser.<\/p><p style=\"text-align: center;\"><strong>Description des services<\/strong><\/p><p style=\"text-align: center;\">JohntekValves.com fournit des informations sur les produits propos\u00e9s par Johntek Valves, notamment des images, des descriptions et des sp\u00e9cifications techniques, sous forme de fichiers PDF t\u00e9l\u00e9chargeables. Ce site web est fourni \u00e0 titre informatif uniquement et ne fournit ni tarifs, ni options de paiement, ni la possibilit\u00e9 d&rsquo;acheter des produits directement sur le site.<\/p><p style=\"text-align: center;\"><strong>Pas de vente ni d&rsquo;inscription<\/strong><\/p><p style=\"text-align: center;\">Notre site web est con\u00e7u uniquement \u00e0 des fins d&rsquo;information. Nous ne proposons pas de vente en ligne et vous ne pouvez pas vous inscrire \u00e0 nos services. Toute demande d&rsquo;achat ou autre question commerciale doit \u00eatre adress\u00e9e \u00e0 notre entreprise aux coordonn\u00e9es indiqu\u00e9es sur le site web.<\/p><p style=\"text-align: center;\"><strong>Propri\u00e9t\u00e9 intellectuelle<\/strong><\/p><p style=\"text-align: center;\">Tout le contenu de ce site web, y compris, mais sans s&rsquo;y limiter, les images de produits, les descriptions, la documentation technique, les logos et autres \u00e9l\u00e9ments, est la propri\u00e9t\u00e9 intellectuelle de Johntek Valves ou nous est conc\u00e9d\u00e9 sous licence, sauf mention contraire. Vous ne pouvez copier, distribuer, reproduire ou utiliser aucun de ces \u00e9l\u00e9ments sans notre consentement \u00e9crit pr\u00e9alable.<\/p><p style=\"text-align: center;\"><strong>Utilisation du site web<\/strong><\/p><p style=\"text-align: center;\">Vous vous engagez \u00e0 utiliser le site web uniquement \u00e0 des fins l\u00e9gales et d&rsquo;une mani\u00e8re qui ne porte pas atteinte aux droits d&rsquo;autrui, ne restreint ni n&#8217;emp\u00eache son utilisation. Vous ne devez pas tenter d&rsquo;acc\u00e9der sans autorisation \u00e0 une quelconque partie du site web ni d&rsquo;en perturber le fonctionnement de quelque mani\u00e8re que ce soit.<\/p><p style=\"text-align: center;\"><strong>Liens vers des sites web tiers<\/strong><\/p><p style=\"text-align: center;\">Notre site web peut contenir des liens vers des sites web tiers. Ces liens sont fournis pour votre commodit\u00e9 et pour r\u00e9f\u00e9rence. Nous n&rsquo;approuvons ni ne contr\u00f4lons le contenu ou les pratiques de ces sites tiers. Nous vous encourageons \u00e0 consulter les conditions g\u00e9n\u00e9rales et les politiques de confidentialit\u00e9 des sites web tiers que vous consultez.<\/p><p style=\"text-align: center;\"><strong>Pas de collecte de donn\u00e9es personnelles<\/strong><\/p><p style=\"text-align: center;\">Nous ne collectons, ne stockons ni ne traitons aucune donn\u00e9e personnelle des utilisateurs de ce site web. Pour plus de d\u00e9tails, veuillez consulter notre [ Politique de confidentialit\u00e9 ]<\/p>\t\t\t\t\t\t\t\t<\/div>\n\t\t\t\t<\/div>\n\t\t\t\t\t<\/div>\n\t\t\t\t<\/div>\n\t\t\t\t<\/div>\n\t\t","protected":false},"excerpt":{"rendered":"<p>Conditions d&#8217;utilisation Bienvenue sur JohntekValve.com. En acc\u00e9dant \u00e0 notre site web ou en l&rsquo;utilisant, vous acceptez les conditions d&rsquo;utilisation suivantes. Si vous n&rsquo;acceptez pas ces conditions, veuillez ne pas utiliser ce site. Acceptation des conditions En acc\u00e9dant \u00e0 ce site web et en l&rsquo;utilisant, vous acceptez les conditions g\u00e9n\u00e9rales d\u00e9crites dans le pr\u00e9sent accord. Si [&hellip;]<\/p>\n","protected":false},"author":1,"featured_media":0,"parent":0,"menu_order":0,"comment_status":"closed","ping_status":"closed","template":"elementor_header_footer","meta":{"footnotes":""},"class_list":["post-2167","page","type-page","status-publish","hentry"],"_links":{"self":[{"href":"https:\/\/johntekvalve.com\/fr\/wp-json\/wp\/v2\/pages\/2167","targetHints":{"allow":["GET"]}}],"collection":[{"href":"https:\/\/johntekvalve.com\/fr\/wp-json\/wp\/v2\/pages"}],"about":[{"href":"https:\/\/johntekvalve.com\/fr\/wp-json\/wp\/v2\/types\/page"}],"author":[{"embeddable":true,"href":"https:\/\/johntekvalve.com\/fr\/wp-json\/wp\/v2\/users\/1"}],"replies":[{"embeddable":true,"href":"https:\/\/johntekvalve.com\/fr\/wp-json\/wp\/v2\/comments?post=2167"}],"version-history":[{"count":4,"href":"https:\/\/johntekvalve.com\/fr\/wp-json\/wp\/v2\/pages\/2167\/revisions"}],"predecessor-version":[{"id":2171,"href":"https:\/\/johntekvalve.com\/fr\/wp-json\/wp\/v2\/pages\/2167\/revisions\/2171"}],"wp:attachment":[{"href":"https:\/\/johntekvalve.com\/fr\/wp-json\/wp\/v2\/media?parent=2167"}],"curies":[{"name":"wp","href":"https:\/\/api.w.org\/{rel}","templated":true}]}}