{"id":2124,"date":"2025-04-14T07:23:17","date_gmt":"2025-04-14T07:23:17","guid":{"rendered":"https:\/\/johntekvalve.com\/?page_id=2124"},"modified":"2025-04-17T08:41:54","modified_gmt":"2025-04-17T08:41:54","slug":"produits","status":"publish","type":"page","link":"https:\/\/johntekvalve.com\/fr\/produits\/","title":{"rendered":"Produits"},"content":{"rendered":"\t\t<div data-elementor-type=\"wp-page\" data-elementor-id=\"2124\" class=\"elementor elementor-2124 elementor-197\" data-elementor-post-type=\"page\">\n\t\t\t\t<div class=\"elementor-element elementor-element-5214d27d e-flex e-con-boxed e-con e-parent\" data-id=\"5214d27d\" data-element_type=\"container\" data-settings=\"{&quot;background_background&quot;:&quot;classic&quot;}\">\n\t\t\t\t\t<div class=\"e-con-inner\">\n\t\t<div class=\"elementor-element elementor-element-3daabdd7 e-con-full e-flex e-con e-child\" data-id=\"3daabdd7\" data-element_type=\"container\">\n\t\t<div class=\"elementor-element elementor-element-2f361eb1 e-con-full e-flex e-con e-child\" data-id=\"2f361eb1\" data-element_type=\"container\">\n\t\t\t\t<div class=\"elementor-element elementor-element-62f1d18c elementor-widget elementor-widget-gum_heading\" data-id=\"62f1d18c\" data-element_type=\"widget\" data-widget_type=\"gum_heading.default\">\n\t\t\t\t<div class=\"elementor-widget-container\">\n\t\t\t\t\t<div class=\"gum-widget-title\"><h1 class=\"section-main-title size-large\">Produits<\/h1><\/div>\t\t\t\t<\/div>\n\t\t\t\t<\/div>\n\t\t\t\t<\/div>\n\t\t\t\t<\/div>\n\t\t\t\t\t<\/div>\n\t\t\t\t<\/div>\n\t\t<div class=\"elementor-element elementor-element-22d5a5b4 e-grid e-con-boxed e-con e-parent\" data-id=\"22d5a5b4\" data-element_type=\"container\" data-settings=\"{&quot;background_background&quot;:&quot;classic&quot;}\">\n\t\t\t\t\t<div class=\"e-con-inner\">\n\t\t\t\t<div class=\"elementor-element elementor-element-b8620b6 elementor-position-top elementor-widget elementor-widget-image-box\" data-id=\"b8620b6\" data-element_type=\"widget\" data-widget_type=\"image-box.default\">\n\t\t\t\t<div class=\"elementor-widget-container\">\n\t\t\t\t\t<div class=\"elementor-image-box-wrapper\"><figure class=\"elementor-image-box-img\"><a href=\"https:\/\/johntekvalve.com\/fr\/vanne-papillon-double-excentrique\/\" tabindex=\"-1\"><img decoding=\"async\" src=\"https:\/\/johntekvalve.com\/wp-content\/uploads\/elementor\/thumbs\/prod1-r4c56h6h249u3olplxg1921bj76sk20jheooi8i39s.png\" title=\"\" alt=\"\" loading=\"lazy\" \/><\/a><\/figure><div class=\"elementor-image-box-content\"><h3 class=\"elementor-image-box-title\"><a href=\"https:\/\/johntekvalve.com\/fr\/vanne-papillon-double-excentrique\/\">VANNE PAPILLON DOUBLE EXCENTRIQUE<\/a><\/h3><\/div><\/div>\t\t\t\t<\/div>\n\t\t\t\t<\/div>\n\t\t\t\t<div class=\"elementor-element elementor-element-c3c6ad2 elementor-position-top elementor-widget elementor-widget-image-box\" data-id=\"c3c6ad2\" data-element_type=\"widget\" data-widget_type=\"image-box.default\">\n\t\t\t\t<div class=\"elementor-widget-container\">\n\t\t\t\t\t<div class=\"elementor-image-box-wrapper\"><figure class=\"elementor-image-box-img\"><a href=\"https:\/\/johntekvalve.com\/fr\/robinet-vanne-a-siege-resilient\/\" tabindex=\"-1\"><img decoding=\"async\" src=\"https:\/\/johntekvalve.com\/wp-content\/uploads\/elementor\/thumbs\/prod2-r4c566u8yxvojz0qaaz4zmn8zylr7dvhrzic86xf68.png\" title=\"\" alt=\"\" loading=\"lazy\" \/><\/a><\/figure><div class=\"elementor-image-box-content\"><h3 class=\"elementor-image-box-title\"><a href=\"https:\/\/johntekvalve.com\/fr\/robinet-vanne-a-siege-resilient\/\">Robinet-vanne \u00e0 si\u00e8ge r\u00e9silient<\/a><\/h3><\/div><\/div>\t\t\t\t<\/div>\n\t\t\t\t<\/div>\n\t\t\t\t<div class=\"elementor-element elementor-element-84681d0 elementor-position-top elementor-widget elementor-widget-image-box\" data-id=\"84681d0\" data-element_type=\"widget\" data-widget_type=\"image-box.default\">\n\t\t\t\t<div class=\"elementor-widget-container\">\n\t\t\t\t\t<div class=\"elementor-image-box-wrapper\"><figure class=\"elementor-image-box-img\"><a href=\"https:\/\/johntekvalve.com\/fr\/clapet-anti-retour-dinclinaison\/\" tabindex=\"-1\"><img decoding=\"async\" src=\"https:\/\/johntekvalve.com\/wp-content\/uploads\/elementor\/thumbs\/prod3-r4c5632w7lqj9j66w9cmpnlemf4aclgkfgweb32zv4.png\" title=\"\" alt=\"\" loading=\"lazy\" \/><\/a><\/figure><div class=\"elementor-image-box-content\"><h3 class=\"elementor-image-box-title\"><a href=\"https:\/\/johntekvalve.com\/fr\/clapet-anti-retour-dinclinaison\/\">CLAPET ANTI-RETOUR D'INCLINAISON<\/a><\/h3><\/div><\/div>\t\t\t\t<\/div>\n\t\t\t\t<\/div>\n\t\t\t\t<div class=\"elementor-element elementor-element-504139e elementor-position-top elementor-widget elementor-widget-image-box\" data-id=\"504139e\" data-element_type=\"widget\" data-widget_type=\"image-box.default\">\n\t\t\t\t<div class=\"elementor-widget-container\">\n\t\t\t\t\t<div class=\"elementor-image-box-wrapper\"><figure class=\"elementor-image-box-img\"><a href=\"https:\/\/johntekvalve.com\/fr\/clapet-anti-retour-a-levage-avec-tamis-en-acier-inoxydable-dn50-300\/\" tabindex=\"-1\"><img decoding=\"async\" src=\"https:\/\/johntekvalve.com\/wp-content\/uploads\/elementor\/thumbs\/pro2-removebg-preview-r4c55xfv2litbvedt6wvap0n23w32eu6eozhffbcwg.png\" title=\"\" alt=\"\" loading=\"lazy\" \/><\/a><\/figure><div class=\"elementor-image-box-content\"><h3 class=\"elementor-image-box-title\"><a href=\"https:\/\/johntekvalve.com\/fr\/clapet-anti-retour-a-levage-avec-tamis-en-acier-inoxydable-dn50-300\/\">Clapet anti-retour \u00e0 levage avec tamis en acier inoxydable DN50-300<\/a><\/h3><\/div><\/div>\t\t\t\t<\/div>\n\t\t\t\t<\/div>\n\t\t\t\t<div class=\"elementor-element elementor-element-8847412 elementor-position-top elementor-widget elementor-widget-image-box\" data-id=\"8847412\" data-element_type=\"widget\" data-widget_type=\"image-box.default\">\n\t\t\t\t<div class=\"elementor-widget-container\">\n\t\t\t\t\t<div class=\"elementor-image-box-wrapper\"><figure class=\"elementor-image-box-img\"><a href=\"https:\/\/johntekvalve.com\/fr\/clapet-anti-retour-a-levage-avec-tamis-en-acier-inoxydable-dn350-1000\/\" tabindex=\"-1\"><img decoding=\"async\" src=\"https:\/\/johntekvalve.com\/wp-content\/uploads\/elementor\/thumbs\/pro2-removebg-preview-r4c55xfv2litbvedt6wvap0n23w32eu6eozhffbcwg.png\" title=\"\" alt=\"\" loading=\"lazy\" \/><\/a><\/figure><div class=\"elementor-image-box-content\"><h3 class=\"elementor-image-box-title\"><a href=\"https:\/\/johntekvalve.com\/fr\/clapet-anti-retour-a-levage-avec-tamis-en-acier-inoxydable-dn350-1000\/\">Clapet anti-retour \u00e0 levage avec tamis en acier inoxydable DN350-1000<\/a><\/h3><\/div><\/div>\t\t\t\t<\/div>\n\t\t\t\t<\/div>\n\t\t\t\t<div class=\"elementor-element elementor-element-5f7ce11 elementor-position-top elementor-widget elementor-widget-image-box\" data-id=\"5f7ce11\" data-element_type=\"widget\" data-widget_type=\"image-box.default\">\n\t\t\t\t<div class=\"elementor-widget-container\">\n\t\t\t\t\t<div class=\"elementor-image-box-wrapper\"><figure class=\"elementor-image-box-img\"><a href=\"https:\/\/johntekvalve.com\/fr\/soupape-de-purge-dair-non-lampeuse-anti-choc\/\" tabindex=\"-1\"><img decoding=\"async\" src=\"https:\/\/johntekvalve.com\/wp-content\/uploads\/elementor\/thumbs\/p5-r4c55umci3eyd1ih9nozl7q99y9zfbizeb10zlfjf4.png\" title=\"\" alt=\"\" loading=\"lazy\" \/><\/a><\/figure><div class=\"elementor-image-box-content\"><h3 class=\"elementor-image-box-title\"><a href=\"https:\/\/johntekvalve.com\/fr\/soupape-de-purge-dair-non-lampeuse-anti-choc\/\">SOUPAPE DE PURGE D'AIR NON-LAMPEUSE ANTI-CHOC<\/a><\/h3><\/div><\/div>\t\t\t\t<\/div>\n\t\t\t\t<\/div>\n\t\t\t\t<div class=\"elementor-element elementor-element-bce5420 elementor-position-top elementor-widget elementor-widget-image-box\" data-id=\"bce5420\" data-element_type=\"widget\" data-widget_type=\"image-box.default\">\n\t\t\t\t<div class=\"elementor-widget-container\">\n\t\t\t\t\t<div class=\"elementor-image-box-wrapper\"><figure class=\"elementor-image-box-img\"><a href=\"https:\/\/johntekvalve.com\/fr\/soupape-de-purge-dair-double-orifice-triple-fonction\/\" tabindex=\"-1\"><img decoding=\"async\" src=\"https:\/\/johntekvalve.com\/wp-content\/uploads\/elementor\/thumbs\/prod7-r4c55quzqr9t2lnxvm2hb8oewesikj421sf32hl440.png\" title=\"\" alt=\"\" loading=\"lazy\" \/><\/a><\/figure><div class=\"elementor-image-box-content\"><h3 class=\"elementor-image-box-title\"><a href=\"https:\/\/johntekvalve.com\/fr\/soupape-de-purge-dair-double-orifice-triple-fonction\/\">SOUPAPE DE PURGE D'AIR DOUBLE ORIFICE - TRIPLE FONCTION<\/a><\/h3><\/div><\/div>\t\t\t\t<\/div>\n\t\t\t\t<\/div>\n\t\t\t\t<div class=\"elementor-element elementor-element-404ec48 elementor-position-top elementor-widget elementor-widget-image-box\" data-id=\"404ec48\" data-element_type=\"widget\" data-widget_type=\"image-box.default\">\n\t\t\t\t<div class=\"elementor-widget-container\">\n\t\t\t\t\t<div class=\"elementor-image-box-wrapper\"><figure class=\"elementor-image-box-img\"><a href=\"https:\/\/johntekvalve.com\/fr\/soupape-de-purge-dair-a-double-orifice-type-leger\/\" tabindex=\"-1\"><img decoding=\"async\" src=\"https:\/\/johntekvalve.com\/wp-content\/uploads\/elementor\/thumbs\/prod8-r4c55n3mzf4ns5tehkfz19mkivb1pqp4p9t55dqosw.png\" title=\"\" alt=\"\" loading=\"lazy\" \/><\/a><\/figure><div class=\"elementor-image-box-content\"><h3 class=\"elementor-image-box-title\"><a href=\"https:\/\/johntekvalve.com\/fr\/soupape-de-purge-dair-a-double-orifice-type-leger\/\">SOUPAPE DE PURGE D'AIR \u00c0 DOUBLE ORIFICE - TYPE L\u00c9GER<\/a><\/h3><\/div><\/div>\t\t\t\t<\/div>\n\t\t\t\t<\/div>\n\t\t\t\t<div class=\"elementor-element elementor-element-f3f8324 elementor-position-top elementor-widget elementor-widget-image-box\" data-id=\"f3f8324\" data-element_type=\"widget\" data-widget_type=\"image-box.default\">\n\t\t\t\t<div class=\"elementor-widget-container\">\n\t\t\t\t\t<div class=\"elementor-image-box-wrapper\"><figure class=\"elementor-image-box-img\"><a href=\"https:\/\/johntekvalve.com\/fr\/soupape-de-purge-dair-a-orifice-unique-deux-fonctions\/\" tabindex=\"-1\"><img decoding=\"async\" src=\"https:\/\/johntekvalve.com\/wp-content\/uploads\/elementor\/thumbs\/9-r4c55jca82zihpyv3itgrakq5btkuya7cr7789w9hs.png\" title=\"\" alt=\"\" loading=\"lazy\" \/><\/a><\/figure><div class=\"elementor-image-box-content\"><h3 class=\"elementor-image-box-title\"><a href=\"https:\/\/johntekvalve.com\/fr\/soupape-de-purge-dair-a-orifice-unique-deux-fonctions\/\">SOUPAPE DE PURGE D'AIR \u00c0 ORIFICE UNIQUE - DEUX FONCTIONS<\/a><\/h3><\/div><\/div>\t\t\t\t<\/div>\n\t\t\t\t<\/div>\n\t\t\t\t<div class=\"elementor-element elementor-element-1b21001 elementor-position-top elementor-widget elementor-widget-image-box\" data-id=\"1b21001\" data-element_type=\"widget\" data-widget_type=\"image-box.default\">\n\t\t\t\t<div class=\"elementor-widget-container\">\n\t\t\t\t\t<div class=\"elementor-image-box-wrapper\"><figure class=\"elementor-image-box-img\"><a href=\"https:\/\/johntekvalve.com\/fr\/clapet-anti-retour-a-clapet-en-caoutchouc\/\" tabindex=\"-1\"><img decoding=\"async\" src=\"https:\/\/johntekvalve.com\/wp-content\/uploads\/elementor\/thumbs\/10-r4c55girnkvniw2yjzll1tacd67h7uz0cd8qsg0g0g.png\" title=\"\" alt=\"\" loading=\"lazy\" \/><\/a><\/figure><div class=\"elementor-image-box-content\"><h3 class=\"elementor-image-box-title\"><a href=\"https:\/\/johntekvalve.com\/fr\/clapet-anti-retour-a-clapet-en-caoutchouc\/\">Clapet anti-retour \u00e0 clapet en caoutchouc<\/a><\/h3><\/div><\/div>\t\t\t\t<\/div>\n\t\t\t\t<\/div>\n\t\t\t\t<div class=\"elementor-element elementor-element-fd19162 elementor-position-top elementor-widget elementor-widget-image-box\" data-id=\"fd19162\" data-element_type=\"widget\" data-widget_type=\"image-box.default\">\n\t\t\t\t<div class=\"elementor-widget-container\">\n\t\t\t\t\t<div class=\"elementor-image-box-wrapper\"><figure class=\"elementor-image-box-img\"><a href=\"https:\/\/johntekvalve.com\/fr\/clapet-anti-retour-a-battant-90-clapet-anti-retour\/\" tabindex=\"-1\"><img decoding=\"async\" src=\"https:\/\/johntekvalve.com\/wp-content\/uploads\/elementor\/thumbs\/11-r4c55crew8qi8g8f5xz2ru8hzmq0d2k2zumsvc60pc.png\" title=\"\" alt=\"\" loading=\"lazy\" \/><\/a><\/figure><div class=\"elementor-image-box-content\"><h3 class=\"elementor-image-box-title\"><a href=\"https:\/\/johntekvalve.com\/fr\/clapet-anti-retour-a-battant-90-clapet-anti-retour\/\">Clapet anti-retour \u00e0 battant 90* Clapet anti-retour<\/a><\/h3><\/div><\/div>\t\t\t\t<\/div>\n\t\t\t\t<\/div>\n\t\t\t\t<div class=\"elementor-element elementor-element-3376b34 elementor-position-top elementor-widget elementor-widget-image-box\" data-id=\"3376b34\" data-element_type=\"widget\" data-widget_type=\"image-box.default\">\n\t\t\t\t<div class=\"elementor-widget-container\">\n\t\t\t\t\t<div class=\"elementor-image-box-wrapper\"><figure class=\"elementor-image-box-img\"><a href=\"https:\/\/johntekvalve.com\/fr\/clapet-anti-retour-a-buse-anti-retour\/\" tabindex=\"-1\"><img decoding=\"async\" src=\"https:\/\/johntekvalve.com\/wp-content\/uploads\/elementor\/thumbs\/12-r4c559024wlcy0dvrwckhv6nm38jia55nc0uy8ble8.png\" title=\"\" alt=\"\" loading=\"lazy\" \/><\/a><\/figure><div class=\"elementor-image-box-content\"><h3 class=\"elementor-image-box-title\"><a href=\"https:\/\/johntekvalve.com\/fr\/clapet-anti-retour-a-buse-anti-retour\/\">Clapet anti-retour \u00e0 buse anti-retour<\/a><\/h3><\/div><\/div>\t\t\t\t<\/div>\n\t\t\t\t<\/div>\n\t\t\t\t<div class=\"elementor-element elementor-element-0d8347a elementor-position-top elementor-widget elementor-widget-image-box\" data-id=\"0d8347a\" data-element_type=\"widget\" data-widget_type=\"image-box.default\">\n\t\t\t\t<div class=\"elementor-widget-container\">\n\t\t\t\t\t<div class=\"elementor-image-box-wrapper\"><figure class=\"elementor-image-box-img\"><a href=\"https:\/\/johntekvalve.com\/fr\/clapet-anti-retour-a-battant-a-double-disque\/\" tabindex=\"-1\"><img decoding=\"async\" src=\"https:\/\/johntekvalve.com\/wp-content\/uploads\/elementor\/thumbs\/13-r4c5566jkehhz6hz8d4osdw9txmfv6tymy2eiefrww.png\" title=\"\" alt=\"\" loading=\"lazy\" \/><\/a><\/figure><div class=\"elementor-image-box-content\"><h3 class=\"elementor-image-box-title\"><a href=\"https:\/\/johntekvalve.com\/fr\/clapet-anti-retour-a-battant-a-double-disque\/\">CLAPET ANTI-RETOUR \u00c0 BATTANT \u00c0 DOUBLE DISQUE<\/a><\/h3><\/div><\/div>\t\t\t\t<\/div>\n\t\t\t\t<\/div>\n\t\t\t\t<div class=\"elementor-element elementor-element-dd89ccf elementor-position-top elementor-widget elementor-widget-image-box\" data-id=\"dd89ccf\" data-element_type=\"widget\" data-widget_type=\"image-box.default\">\n\t\t\t\t<div class=\"elementor-widget-container\">\n\t\t\t\t\t<div class=\"elementor-image-box-wrapper\"><figure class=\"elementor-image-box-img\"><a href=\"https:\/\/johntekvalve.com\/fr\/crepine-type-y\/\" tabindex=\"-1\"><img decoding=\"async\" src=\"https:\/\/johntekvalve.com\/wp-content\/uploads\/elementor\/thumbs\/14-r4c552f6t2ccoqnfubi6ieufge4z0ef1afgglalcls.png\" title=\"\" alt=\"\" loading=\"lazy\" \/><\/a><\/figure><div class=\"elementor-image-box-content\"><h3 class=\"elementor-image-box-title\"><a href=\"https:\/\/johntekvalve.com\/fr\/crepine-type-y\/\">Cr\u00e9pine type Y<\/a><\/h3><\/div><\/div>\t\t\t\t<\/div>\n\t\t\t\t<\/div>\n\t\t\t\t<div class=\"elementor-element elementor-element-bf7b7e7 elementor-position-top elementor-widget elementor-widget-image-box\" data-id=\"bf7b7e7\" data-element_type=\"widget\" data-widget_type=\"image-box.default\">\n\t\t\t\t<div class=\"elementor-widget-container\">\n\t\t\t\t\t<div class=\"elementor-image-box-wrapper\"><figure class=\"elementor-image-box-img\"><a href=\"https:\/\/johntekvalve.com\/fr\/joint-de-demontage\/\" tabindex=\"-1\"><img decoding=\"async\" src=\"https:\/\/johntekvalve.com\/wp-content\/uploads\/elementor\/thumbs\/15-r4c54ynu1q77easwg9vo8fsl2uni5m03xwuio6qxao.png\" title=\"\" alt=\"\" loading=\"lazy\" \/><\/a><\/figure><div class=\"elementor-image-box-content\"><h3 class=\"elementor-image-box-title\"><a href=\"https:\/\/johntekvalve.com\/fr\/joint-de-demontage\/\">Joint de d\u00e9montage<\/a><\/h3><\/div><\/div>\t\t\t\t<\/div>\n\t\t\t\t<\/div>\n\t\t\t\t<div class=\"elementor-element elementor-element-28fef60 elementor-position-top elementor-widget elementor-widget-image-box\" data-id=\"28fef60\" data-element_type=\"widget\" data-widget_type=\"image-box.default\">\n\t\t\t\t<div class=\"elementor-widget-container\">\n\t\t\t\t\t<div class=\"elementor-image-box-wrapper\"><figure class=\"elementor-image-box-img\"><a href=\"https:\/\/johntekvalve.com\/fr\/compteur-deau-woltman-lxlcr-50300mm\/\" tabindex=\"-1\"><img decoding=\"async\" src=\"https:\/\/johntekvalve.com\/wp-content\/uploads\/elementor\/thumbs\/16-r4c54uwhae223uyd2895ygqqpb61atl6le8kr2whzk.png\" title=\"\" alt=\"\" loading=\"lazy\" \/><\/a><\/figure><div class=\"elementor-image-box-content\"><h3 class=\"elementor-image-box-title\"><a href=\"https:\/\/johntekvalve.com\/fr\/compteur-deau-woltman-lxlcr-50300mm\/\">Compteur d'eau Woltman LXLC(R)-50~300(mm)<\/a><\/h3><\/div><\/div>\t\t\t\t<\/div>\n\t\t\t\t<\/div>\n\t\t\t\t<div class=\"elementor-element elementor-element-471fbe7 elementor-position-top elementor-widget elementor-widget-image-box\" data-id=\"471fbe7\" data-element_type=\"widget\" data-widget_type=\"image-box.default\">\n\t\t\t\t<div class=\"elementor-widget-container\">\n\t\t\t\t\t<div class=\"elementor-image-box-wrapper\"><figure class=\"elementor-image-box-img\"><a href=\"https:\/\/johntekvalve.com\/fr\/compteur-deau-woltman-lxlcr-350600mm\/\" tabindex=\"-1\"><img decoding=\"async\" src=\"https:\/\/johntekvalve.com\/wp-content\/uploads\/elementor\/thumbs\/17-r4c54s2ypvy7512gip1a8zgcx5jxnq9zl0a4b90oi8.png\" title=\"\" alt=\"\" loading=\"lazy\" \/><\/a><\/figure><div class=\"elementor-image-box-content\"><h3 class=\"elementor-image-box-title\"><a href=\"https:\/\/johntekvalve.com\/fr\/compteur-deau-woltman-lxlcr-350600mm\/\">Compteur d'eau Woltman LXLC(R)-350~600(mm)<\/a><\/h3><\/div><\/div>\t\t\t\t<\/div>\n\t\t\t\t<\/div>\n\t\t\t\t<div class=\"elementor-element elementor-element-cb4c93c elementor-position-top elementor-widget elementor-widget-image-box\" data-id=\"cb4c93c\" data-element_type=\"widget\" data-widget_type=\"image-box.default\">\n\t\t\t\t<div class=\"elementor-widget-container\">\n\t\t\t\t\t<div class=\"elementor-image-box-wrapper\"><figure class=\"elementor-image-box-img\"><a href=\"https:\/\/johntekvalve.com\/fr\/compteur-deau-horizontal-lxxgr-50300mm\/\" tabindex=\"-1\"><img decoding=\"async\" src=\"https:\/\/johntekvalve.com\/wp-content\/uploads\/elementor\/thumbs\/18-r4c54oblyjt1ul7x4nerz0eijm2gsxv28ho6e56974.png\" title=\"\" alt=\"\" loading=\"lazy\" \/><\/a><\/figure><div class=\"elementor-image-box-content\"><h3 class=\"elementor-image-box-title\"><a href=\"https:\/\/johntekvalve.com\/fr\/compteur-deau-horizontal-lxxgr-50300mm\/\">Compteur d'eau horizontal LXXG(R)-50~300(mm)<\/a><\/h3><\/div><\/div>\t\t\t\t<\/div>\n\t\t\t\t<\/div>\n\t\t\t\t<div class=\"elementor-element elementor-element-bdf8988 elementor-position-top elementor-widget elementor-widget-image-box\" data-id=\"bdf8988\" data-element_type=\"widget\" data-widget_type=\"image-box.default\">\n\t\t\t\t<div class=\"elementor-widget-container\">\n\t\t\t\t\t<div class=\"elementor-image-box-wrapper\"><figure class=\"elementor-image-box-img\"><a href=\"https:\/\/johntekvalve.com\/fr\/compteur-deau-a-cadran-sec-woltman-ws-50200mmr160-r200-a-installation-verticale\/\" tabindex=\"-1\"><img decoding=\"async\" src=\"https:\/\/johntekvalve.com\/wp-content\/uploads\/elementor\/thumbs\/19-r4c54ndrrprriz9aa505ein1y873l8rbwd0owv7ndc.png\" title=\"\" alt=\"\" loading=\"lazy\" \/><\/a><\/figure><div class=\"elementor-image-box-content\"><h3 class=\"elementor-image-box-title\"><a href=\"https:\/\/johntekvalve.com\/fr\/compteur-deau-a-cadran-sec-woltman-ws-50200mmr160-r200-a-installation-verticale\/\">Compteur d'eau \u00e0 cadran sec Woltman WS-50~200(mm)R160\/R200 \u00e0 installation verticale<\/a><\/h3><\/div><\/div>\t\t\t\t<\/div>\n\t\t\t\t<\/div>\n\t\t\t\t\t<\/div>\n\t\t\t\t<\/div>\n\t\t\t\t<\/div>\n\t\t","protected":false},"excerpt":{"rendered":"<p>Produits VANNE PAPILLON DOUBLE EXCENTRIQUE Robinet-vanne \u00e0 si\u00e8ge r\u00e9silient CLAPET ANTI-RETOUR D&rsquo;INCLINAISON Clapet anti-retour \u00e0 levage avec tamis en acier inoxydable DN50-300 Clapet anti-retour \u00e0 levage avec tamis en acier inoxydable DN350-1000 SOUPAPE DE PURGE D&rsquo;AIR NON-LAMPEUSE ANTI-CHOC SOUPAPE DE PURGE D&rsquo;AIR DOUBLE ORIFICE &#8211; TRIPLE FONCTION SOUPAPE DE PURGE D&rsquo;AIR \u00c0 DOUBLE ORIFICE &#8211; [&hellip;]<\/p>\n","protected":false},"author":1,"featured_media":0,"parent":0,"menu_order":0,"comment_status":"closed","ping_status":"closed","template":"elementor_header_footer","meta":{"footnotes":""},"class_list":["post-2124","page","type-page","status-publish","hentry"],"_links":{"self":[{"href":"https:\/\/johntekvalve.com\/fr\/wp-json\/wp\/v2\/pages\/2124","targetHints":{"allow":["GET"]}}],"collection":[{"href":"https:\/\/johntekvalve.com\/fr\/wp-json\/wp\/v2\/pages"}],"about":[{"href":"https:\/\/johntekvalve.com\/fr\/wp-json\/wp\/v2\/types\/page"}],"author":[{"embeddable":true,"href":"https:\/\/johntekvalve.com\/fr\/wp-json\/wp\/v2\/users\/1"}],"replies":[{"embeddable":true,"href":"https:\/\/johntekvalve.com\/fr\/wp-json\/wp\/v2\/comments?post=2124"}],"version-history":[{"count":28,"href":"https:\/\/johntekvalve.com\/fr\/wp-json\/wp\/v2\/pages\/2124\/revisions"}],"predecessor-version":[{"id":2404,"href":"https:\/\/johntekvalve.com\/fr\/wp-json\/wp\/v2\/pages\/2124\/revisions\/2404"}],"wp:attachment":[{"href":"https:\/\/johntekvalve.com\/fr\/wp-json\/wp\/v2\/media?parent=2124"}],"curies":[{"name":"wp","href":"https:\/\/api.w.org\/{rel}","templated":true}]}}