{"id":2118,"date":"2025-04-14T06:18:50","date_gmt":"2025-04-14T06:18:50","guid":{"rendered":"https:\/\/johntekvalve.com\/?page_id=2118"},"modified":"2025-04-16T14:02:16","modified_gmt":"2025-04-16T14:02:16","slug":"politique-de-confidentialite","status":"publish","type":"page","link":"https:\/\/johntekvalve.com\/fr\/politique-de-confidentialite\/","title":{"rendered":"Politique de confidentialit\u00e9"},"content":{"rendered":"\t\t<div data-elementor-type=\"wp-page\" data-elementor-id=\"2118\" class=\"elementor elementor-2118 elementor-155\" data-elementor-post-type=\"page\">\n\t\t\t\t<div class=\"elementor-element elementor-element-1a3c3598 e-flex e-con-boxed e-con e-parent\" data-id=\"1a3c3598\" data-element_type=\"container\" data-settings=\"{&quot;background_background&quot;:&quot;classic&quot;}\">\n\t\t\t\t\t<div class=\"e-con-inner\">\n\t\t<div class=\"elementor-element elementor-element-3975ad3f e-con-full e-flex e-con e-child\" data-id=\"3975ad3f\" data-element_type=\"container\">\n\t\t<div class=\"elementor-element elementor-element-5ac042af e-con-full e-flex e-con e-child\" data-id=\"5ac042af\" data-element_type=\"container\">\n\t\t\t\t<div class=\"elementor-element elementor-element-532104f5 elementor-widget elementor-widget-gum_heading\" data-id=\"532104f5\" data-element_type=\"widget\" data-widget_type=\"gum_heading.default\">\n\t\t\t\t<div class=\"elementor-widget-container\">\n\t\t\t\t\t<div class=\"gum-widget-title\"><h1 class=\"section-main-title size-large\">Politique de confidentialit\u00e9<\/h1><\/div>\t\t\t\t<\/div>\n\t\t\t\t<\/div>\n\t\t\t\t<\/div>\n\t\t\t\t<\/div>\n\t\t\t\t\t<\/div>\n\t\t\t\t<\/div>\n\t\t<div class=\"elementor-element elementor-element-51e28a4b e-flex e-con-boxed e-con e-parent\" data-id=\"51e28a4b\" data-element_type=\"container\" data-settings=\"{&quot;background_background&quot;:&quot;classic&quot;}\">\n\t\t\t\t\t<div class=\"e-con-inner\">\n\t\t\t\t<div class=\"elementor-element elementor-element-db9868c elementor-widget elementor-widget-text-editor\" data-id=\"db9868c\" data-element_type=\"widget\" data-widget_type=\"text-editor.default\">\n\t\t\t\t<div class=\"elementor-widget-container\">\n\t\t\t\t\t\t\t\t\t<h3 class=\"\" data-start=\"95\" data-end=\"131\"><strong data-start=\"99\" data-end=\"131\">Politique de confidentialit\u00e9<\/strong><\/h3><p class=\"\" data-start=\"133\" data-end=\"428\">Chez <strong data-start=\"138\" data-end=\"158\">JohntekValve.com<\/strong>, votre vie priv\u00e9e est tr\u00e8s importante pour nous. Ce document de politique de confidentialit\u00e9 d\u00e9crit les types d&rsquo;informations que <strong data-start=\"288\" data-end=\"314\">nous ne collectons pas<\/strong> lorsque vous utilisez notre site web, ainsi que les mesures que nous prenons pour garantir votre confidentialit\u00e9.<\/p><h3 class=\"\" data-start=\"435\" data-end=\"482\"><strong data-start=\"439\" data-end=\"482\">Informations que nous ne collectons pas<\/strong><\/h3><p class=\"\" data-start=\"484\" data-end=\"516\">Nous tenons \u00e0 vous assurer que :<\/p><ul data-start=\"518\" data-end=\"854\"><li class=\"\" data-start=\"518\" data-end=\"615\"><p class=\"\" data-start=\"520\" data-end=\"615\">Aucune donn\u00e9e personnelle n&rsquo;est collect\u00e9e lorsque vous visitez ou interagissez avec notre site.<\/p><\/li><li class=\"\" data-start=\"616\" data-end=\"765\"><p class=\"\" data-start=\"618\" data-end=\"765\">Nous ne demandons ni ne stockons aucune information personnellement identifiable (PII), telle que votre nom, adresse e-mail ou num\u00e9ro de t\u00e9l\u00e9phone.<\/p><\/li><li class=\"\" data-start=\"766\" data-end=\"854\"><p class=\"\" data-start=\"768\" data-end=\"854\">Nous ne collectons ni cookies, ni adresses IP, ni aucune donn\u00e9e d&rsquo;analyse ou de suivi.<\/p><\/li><\/ul><h3 class=\"\" data-start=\"861\" data-end=\"883\"><strong data-start=\"865\" data-end=\"883\">Services tiers<\/strong><\/h3><p class=\"\" data-start=\"885\" data-end=\"1266\">\u00c9tant donn\u00e9 que nous ne collectons aucune information personnelle, <strong data-start=\"952\" data-end=\"989\">aucun service tiers n&rsquo;est utilis\u00e9<\/strong> pour suivre ou surveiller l&rsquo;activit\u00e9 des utilisateurs sur ce site.<br data-start=\"1056\" data-end=\"1059\" \/>Toutefois, notre site peut contenir des liens vers des sites tiers. Nous vous recommandons de consulter leurs politiques de confidentialit\u00e9 s\u00e9par\u00e9ment, car nous ne sommes pas responsables de leurs pratiques.<\/p><h3 class=\"\" data-start=\"1273\" data-end=\"1301\"><strong data-start=\"1277\" data-end=\"1301\">S\u00e9curit\u00e9 des donn\u00e9es<\/strong><\/h3><p class=\"\" data-start=\"1303\" data-end=\"1553\">Puisque <strong data-start=\"1311\" data-end=\"1340\">aucune donn\u00e9e personnelle<\/strong> n\u2019est collect\u00e9e, il n\u2019y a aucun risque de s\u00e9curit\u00e9 li\u00e9 \u00e0 des informations personnelles.<br data-start=\"1428\" data-end=\"1431\" \/>Cependant, nous continuons de <strong data-start=\"1461\" data-end=\"1486\">prioriser la s\u00e9curit\u00e9<\/strong> du site pour garantir une navigation s\u00fbre \u00e0 tous les utilisateurs.<\/p><h3 class=\"\" data-start=\"1560\" data-end=\"1619\"><strong data-start=\"1564\" data-end=\"1619\">Modifications de cette politique de confidentialit\u00e9<\/strong><\/h3><p class=\"\" data-start=\"1621\" data-end=\"1894\">Nous pouvons mettre \u00e0 jour cette politique de confidentialit\u00e9 p\u00e9riodiquement afin de refl\u00e9ter tout changement dans nos pratiques ou obligations l\u00e9gales.<br data-start=\"1773\" data-end=\"1776\" \/>La version la plus r\u00e9cente sera toujours disponible sur cette page, avec la date d\u2019entr\u00e9e en vigueur indiqu\u00e9e en haut.<\/p><h3 class=\"\" data-start=\"1901\" data-end=\"1923\"><strong data-start=\"1905\" data-end=\"1923\">Nous contacter<\/strong><\/h3><p class=\"\" data-start=\"1925\" data-end=\"2105\">Si vous avez des questions ou des pr\u00e9occupations concernant cette politique de confidentialit\u00e9, n\u2019h\u00e9sitez pas \u00e0 nous contacter \u00e0 l\u2019adresse suivante : <strong data-start=\"2080\" data-end=\"2105\"><a rel=\"noopener\" data-start=\"2082\" data-end=\"2103\">info@johntekvalve.com<\/a><\/strong><\/p>\t\t\t\t\t\t\t\t<\/div>\n\t\t\t\t<\/div>\n\t\t\t\t\t<\/div>\n\t\t\t\t<\/div>\n\t\t\t\t<\/div>\n\t\t","protected":false},"excerpt":{"rendered":"<p>Politique de confidentialit\u00e9 Politique de confidentialit\u00e9 Chez JohntekValve.com, votre vie priv\u00e9e est tr\u00e8s importante pour nous. Ce document de politique de confidentialit\u00e9 d\u00e9crit les types d&rsquo;informations que nous ne collectons pas lorsque vous utilisez notre site web, ainsi que les mesures que nous prenons pour garantir votre confidentialit\u00e9. Informations que nous ne collectons pas Nous [&hellip;]<\/p>\n","protected":false},"author":1,"featured_media":0,"parent":0,"menu_order":0,"comment_status":"closed","ping_status":"closed","template":"elementor_header_footer","meta":{"footnotes":""},"class_list":["post-2118","page","type-page","status-publish","hentry"],"_links":{"self":[{"href":"https:\/\/johntekvalve.com\/fr\/wp-json\/wp\/v2\/pages\/2118","targetHints":{"allow":["GET"]}}],"collection":[{"href":"https:\/\/johntekvalve.com\/fr\/wp-json\/wp\/v2\/pages"}],"about":[{"href":"https:\/\/johntekvalve.com\/fr\/wp-json\/wp\/v2\/types\/page"}],"author":[{"embeddable":true,"href":"https:\/\/johntekvalve.com\/fr\/wp-json\/wp\/v2\/users\/1"}],"replies":[{"embeddable":true,"href":"https:\/\/johntekvalve.com\/fr\/wp-json\/wp\/v2\/comments?post=2118"}],"version-history":[{"count":4,"href":"https:\/\/johntekvalve.com\/fr\/wp-json\/wp\/v2\/pages\/2118\/revisions"}],"predecessor-version":[{"id":2123,"href":"https:\/\/johntekvalve.com\/fr\/wp-json\/wp\/v2\/pages\/2118\/revisions\/2123"}],"wp:attachment":[{"href":"https:\/\/johntekvalve.com\/fr\/wp-json\/wp\/v2\/media?parent=2118"}],"curies":[{"name":"wp","href":"https:\/\/api.w.org\/{rel}","templated":true}]}}