{"id":1995,"date":"2025-04-14T06:18:08","date_gmt":"2025-04-14T06:18:08","guid":{"rendered":"https:\/\/johntekvalve.com\/?page_id=1995"},"modified":"2025-04-16T13:04:55","modified_gmt":"2025-04-16T13:04:55","slug":"a-propos-de-nous","status":"publish","type":"page","link":"https:\/\/johntekvalve.com\/fr\/a-propos-de-nous\/","title":{"rendered":"\u00c0 propos de nous"},"content":{"rendered":"\t\t<div data-elementor-type=\"wp-page\" data-elementor-id=\"1995\" class=\"elementor elementor-1995 elementor-151\" data-elementor-post-type=\"page\">\n\t\t\t\t<div class=\"elementor-element elementor-element-7c632756 e-flex e-con-boxed e-con e-parent\" data-id=\"7c632756\" data-element_type=\"container\" data-settings=\"{&quot;background_background&quot;:&quot;classic&quot;}\">\n\t\t\t\t\t<div class=\"e-con-inner\">\n\t\t<div class=\"elementor-element elementor-element-1394c2cf e-con-full e-flex e-con e-child\" data-id=\"1394c2cf\" data-element_type=\"container\">\n\t\t<div class=\"elementor-element elementor-element-71802a6 e-con-full e-flex e-con e-child\" data-id=\"71802a6\" data-element_type=\"container\">\n\t\t\t\t<div class=\"elementor-element elementor-element-347f3f5 elementor-widget elementor-widget-gum_heading\" data-id=\"347f3f5\" data-element_type=\"widget\" data-widget_type=\"gum_heading.default\">\n\t\t\t\t<div class=\"elementor-widget-container\">\n\t\t\t\t\t<div class=\"gum-widget-title\"><h1 class=\"section-main-title size-large\"><span class=\"prefix\"><\/span><span class=\"maintitle\">Johntek Valve, leader des solutions de vannes d&#039;eau depuis 2022<\/span><span class=\"subfix\"><\/span><\/h1><\/div>\t\t\t\t<\/div>\n\t\t\t\t<\/div>\n\t\t\t\t<\/div>\n\t\t\t\t<\/div>\n\t\t\t\t\t<\/div>\n\t\t\t\t<\/div>\n\t\t<div class=\"elementor-element elementor-element-17c6e81f e-flex e-con-boxed elementor-invisible e-con e-parent\" data-id=\"17c6e81f\" data-element_type=\"container\" data-settings=\"{&quot;animation&quot;:&quot;slideInUp&quot;,&quot;background_background&quot;:&quot;classic&quot;}\">\n\t\t\t\t\t<div class=\"e-con-inner\">\n\t\t<div class=\"elementor-element elementor-element-e73fa6c e-con-full e-grid e-con e-child\" data-id=\"e73fa6c\" data-element_type=\"container\" data-settings=\"{&quot;animation_mobile&quot;:&quot;none&quot;}\">\n\t\t\t\t<div class=\"elementor-element elementor-element-21b61de elementor-widget elementor-widget-icon-box\" data-id=\"21b61de\" data-element_type=\"widget\" data-widget_type=\"icon-box.default\">\n\t\t\t\t<div class=\"elementor-widget-container\">\n\t\t\t\t\t\t\t<div class=\"elementor-icon-box-wrapper\">\n\n\t\t\t\n\t\t\t\t\t\t<div class=\"elementor-icon-box-content\">\n\n\t\t\t\t\t\t\t\t\t<h3 class=\"elementor-icon-box-title\">\n\t\t\t\t\t\t<span  >\n\t\t\t\t\t\t\t\u00c0 propos de nous\t\t\t\t\t\t<\/span>\n\t\t\t\t\t<\/h3>\n\t\t\t\t\n\t\t\t\t\t\t\t\t\t<p class=\"elementor-icon-box-description\">\n\t\t\t\t\t\tDepuis sa cr\u00e9ation en 2022, Johntek Valve s'est rapidement impos\u00e9e comme une r\u00e9f\u00e9rence dans le secteur mondial des vannes d'eau. Forts d'un engagement ferme en faveur de l'innovation, de la qualit\u00e9 et de la pr\u00e9cision, nous proposons des solutions enti\u00e8rement int\u00e9gr\u00e9es qui d\u00e9passent les attentes de nos clients dans divers secteurs.\t\t\t\t\t<\/p>\n\t\t\t\t\n\t\t\t<\/div>\n\t\t\t\n\t\t<\/div>\n\t\t\t\t\t\t<\/div>\n\t\t\t\t<\/div>\n\t\t\t\t<\/div>\n\t\t\t\t\t<\/div>\n\t\t\t\t<\/div>\n\t\t<div class=\"elementor-element elementor-element-b57d307 e-flex e-con-boxed e-con e-parent\" data-id=\"b57d307\" data-element_type=\"container\">\n\t\t\t\t\t<div class=\"e-con-inner\">\n\t\t\t\t<div class=\"elementor-element elementor-element-8efd7e3 elementor-widget elementor-widget-image\" data-id=\"8efd7e3\" data-element_type=\"widget\" data-widget_type=\"image.default\">\n\t\t\t\t<div class=\"elementor-widget-container\">\n\t\t\t\t\t\t\t\t\t\t\t\t\t\t\t<img fetchpriority=\"high\" decoding=\"async\" width=\"724\" height=\"1024\" src=\"https:\/\/johntekvalve.com\/wp-content\/uploads\/2025\/04\/ISO-CERTIFICATE-1-724x1024.jpg\" class=\"attachment-large size-large wp-image-1997\" alt=\"\" srcset=\"https:\/\/johntekvalve.com\/wp-content\/uploads\/2025\/04\/ISO-CERTIFICATE-1-724x1024.jpg 724w, https:\/\/johntekvalve.com\/wp-content\/uploads\/2025\/04\/ISO-CERTIFICATE-1-212x300.jpg 212w, https:\/\/johntekvalve.com\/wp-content\/uploads\/2025\/04\/ISO-CERTIFICATE-1-768x1086.jpg 768w, https:\/\/johntekvalve.com\/wp-content\/uploads\/2025\/04\/ISO-CERTIFICATE-1-1087x1536.jpg 1087w, https:\/\/johntekvalve.com\/wp-content\/uploads\/2025\/04\/ISO-CERTIFICATE-1.jpg 1240w\" sizes=\"(max-width: 724px) 100vw, 724px\" \/>\t\t\t\t\t\t\t\t\t\t\t\t\t\t\t<\/div>\n\t\t\t\t<\/div>\n\t\t\t\t\t<\/div>\n\t\t\t\t<\/div>\n\t\t<div class=\"elementor-element elementor-element-32615460 e-flex e-con-boxed e-con e-parent\" data-id=\"32615460\" data-element_type=\"container\" data-settings=\"{&quot;background_background&quot;:&quot;classic&quot;}\">\n\t\t\t\t\t<div class=\"e-con-inner\">\n\t\t<div class=\"elementor-element elementor-element-774f8c2f e-con-full e-flex e-con e-child\" data-id=\"774f8c2f\" data-element_type=\"container\" data-settings=\"{&quot;animation_mobile&quot;:&quot;none&quot;}\">\n\t\t\t\t<div class=\"elementor-element elementor-element-9e7f3f8 elementor-widget elementor-widget-icon-box\" data-id=\"9e7f3f8\" data-element_type=\"widget\" data-widget_type=\"icon-box.default\">\n\t\t\t\t<div class=\"elementor-widget-container\">\n\t\t\t\t\t\t\t<div class=\"elementor-icon-box-wrapper\">\n\n\t\t\t\n\t\t\t\t\t\t<div class=\"elementor-icon-box-content\">\n\n\t\t\t\t\t\t\t\t\t<h3 class=\"elementor-icon-box-title\">\n\t\t\t\t\t\t<span  >\n\t\t\t\t\t\t\tNotre mission et notre vision\t\t\t\t\t\t<\/span>\n\t\t\t\t\t<\/h3>\n\t\t\t\t\n\t\t\t\t\t\t\t\t\t<p class=\"elementor-icon-box-description\">\n\t\t\t\t\t\tNotre mission est de fournir des solutions de vannes performantes et fiables, garantissant l'efficacit\u00e9 et la continuit\u00e9 des r\u00e9seaux d'eau, des simples applications r\u00e9sidentielles aux projets industriels et d'infrastructure complexes.\n\nNotre vision est de devenir le partenaire mondial de confiance en mati\u00e8re de technologies de contr\u00f4le du d\u00e9bit d'eau, en \u00e9tant \u00e0 la pointe de l'innovation et du d\u00e9veloppement durable.\t\t\t\t\t<\/p>\n\t\t\t\t\n\t\t\t<\/div>\n\t\t\t\n\t\t<\/div>\n\t\t\t\t\t\t<\/div>\n\t\t\t\t<\/div>\n\t\t\t\t<\/div>\n\t\t\t\t\t<\/div>\n\t\t\t\t<\/div>\n\t\t<div class=\"elementor-element elementor-element-580ae59 e-flex e-con-boxed elementor-invisible e-con e-parent\" data-id=\"580ae59\" data-element_type=\"container\" data-settings=\"{&quot;animation&quot;:&quot;slideInUp&quot;,&quot;background_background&quot;:&quot;classic&quot;}\">\n\t\t\t\t\t<div class=\"e-con-inner\">\n\t\t<div class=\"elementor-element elementor-element-94f05ef e-con-full e-flex e-con e-child\" data-id=\"94f05ef\" data-element_type=\"container\" data-settings=\"{&quot;animation_mobile&quot;:&quot;none&quot;}\">\n\t\t\t\t<div class=\"elementor-element elementor-element-1cbfe5a elementor-widget elementor-widget-icon-box\" data-id=\"1cbfe5a\" data-element_type=\"widget\" data-widget_type=\"icon-box.default\">\n\t\t\t\t<div class=\"elementor-widget-container\">\n\t\t\t\t\t\t\t<div class=\"elementor-icon-box-wrapper\">\n\n\t\t\t\n\t\t\t\t\t\t<div class=\"elementor-icon-box-content\">\n\n\t\t\t\t\t\t\t\t\t<h3 class=\"elementor-icon-box-title\">\n\t\t\t\t\t\t<span  >\n\t\t\t\t\t\t\tInnovation et qualit\u00e9\t\t\t\t\t\t<\/span>\n\t\t\t\t\t<\/h3>\n\t\t\t\t\n\t\t\t\t\t\t\t\t\t<p class=\"elementor-icon-box-description\">\n\t\t\t\t\t\tChez Johntek Valve, nous ne nous contentons pas de fabriquer des vannes, nous innovons en proposant des solutions de d\u00e9bit compl\u00e8tes. Chaque produit est con\u00e7u \u00e0 l'aide d'une technologie de pointe, garantissant des performances, une durabilit\u00e9 et une facilit\u00e9 d'utilisation optimales. Nos vannes sont soumises \u00e0 des tests rigoureux pour r\u00e9pondre aux normes les plus strictes, garantissant ainsi leur fiabilit\u00e9 m\u00eame dans les environnements les plus difficiles.\t\t\t\t\t<\/p>\n\t\t\t\t\n\t\t\t<\/div>\n\t\t\t\n\t\t<\/div>\n\t\t\t\t\t\t<\/div>\n\t\t\t\t<\/div>\n\t\t\t\t<\/div>\n\t\t\t\t\t<\/div>\n\t\t\t\t<\/div>\n\t\t<div class=\"elementor-element elementor-element-e1a7b81 e-flex e-con-boxed e-con e-parent\" data-id=\"e1a7b81\" data-element_type=\"container\" data-settings=\"{&quot;background_background&quot;:&quot;classic&quot;}\">\n\t\t\t\t\t<div class=\"e-con-inner\">\n\t\t<div class=\"elementor-element elementor-element-0ab7f3b e-con-full e-flex e-con e-child\" data-id=\"0ab7f3b\" data-element_type=\"container\" data-settings=\"{&quot;animation_mobile&quot;:&quot;none&quot;}\">\n\t\t\t\t<div class=\"elementor-element elementor-element-c388fc5 elementor-widget elementor-widget-icon-box\" data-id=\"c388fc5\" data-element_type=\"widget\" data-widget_type=\"icon-box.default\">\n\t\t\t\t<div class=\"elementor-widget-container\">\n\t\t\t\t\t\t\t<div class=\"elementor-icon-box-wrapper\">\n\n\t\t\t\n\t\t\t\t\t\t<div class=\"elementor-icon-box-content\">\n\n\t\t\t\t\t\t\t\t\t<h3 class=\"elementor-icon-box-title\">\n\t\t\t\t\t\t<span  >\n\t\t\t\t\t\t\tNotre engagement en faveur du d\u00e9veloppement durable\t\t\t\t\t\t<\/span>\n\t\t\t\t\t<\/h3>\n\t\t\t\t\n\t\t\t\t\t\t\t\t\t<p class=\"elementor-icon-box-description\">\n\t\t\t\t\t\tLe d\u00e9veloppement durable est au c\u0153ur de toutes nos actions. Nous travaillons sans rel\u00e2che \u00e0 d\u00e9velopper des solutions qui r\u00e9duisent le gaspillage d'eau, am\u00e9liorent l'efficacit\u00e9 \u00e9nerg\u00e9tique et minimisent l'impact environnemental, contribuant ainsi \u00e0 pr\u00e9server les ressources naturelles pour les g\u00e9n\u00e9rations futures.\t\t\t\t\t<\/p>\n\t\t\t\t\n\t\t\t<\/div>\n\t\t\t\n\t\t<\/div>\n\t\t\t\t\t\t<\/div>\n\t\t\t\t<\/div>\n\t\t\t\t<\/div>\n\t\t\t\t\t<\/div>\n\t\t\t\t<\/div>\n\t\t<div class=\"elementor-element elementor-element-61da635a e-flex e-con-boxed e-con e-parent\" data-id=\"61da635a\" data-element_type=\"container\" data-settings=\"{&quot;background_background&quot;:&quot;classic&quot;}\">\n\t\t\t\t\t<div class=\"e-con-inner\">\n\t\t<div class=\"elementor-element elementor-element-42c56d46 e-con-full e-flex e-con e-child\" data-id=\"42c56d46\" data-element_type=\"container\" data-settings=\"{&quot;animation_mobile&quot;:&quot;none&quot;}\">\n\t\t<div class=\"elementor-element elementor-element-406a49fe e-con-full e-flex e-con e-child\" data-id=\"406a49fe\" data-element_type=\"container\">\n\t\t\t\t<div class=\"elementor-element elementor-element-79430c5a elementor-widget elementor-widget-heading\" data-id=\"79430c5a\" data-element_type=\"widget\" data-widget_type=\"heading.default\">\n\t\t\t\t<div class=\"elementor-widget-container\">\n\t\t\t\t\t<h5 class=\"elementor-heading-title elementor-size-default\">Pourquoi choisir la vanne Johntek ?<\/h5>\t\t\t\t<\/div>\n\t\t\t\t<\/div>\n\t\t\t\t<\/div>\n\t\t\t\t<\/div>\n\t\t<div class=\"elementor-element elementor-element-4a6725f1 animated-fast e-con-full e-flex elementor-invisible e-con e-child\" data-id=\"4a6725f1\" data-element_type=\"container\" data-settings=\"{&quot;animation&quot;:&quot;fadeInUp&quot;}\">\n\t\t<div class=\"elementor-element elementor-element-66c0f332 e-con-full e-flex e-con e-child\" data-id=\"66c0f332\" data-element_type=\"container\" data-settings=\"{&quot;background_background&quot;:&quot;classic&quot;}\">\n\t\t\t\t<div class=\"elementor-element elementor-element-1d2e1653 elementor-boxstretch-yes elementor-view-default elementor-position-top elementor-mobile-position-top elementor-widget elementor-widget-icon-box\" data-id=\"1d2e1653\" data-element_type=\"widget\" data-widget_type=\"icon-box.default\">\n\t\t\t\t<div class=\"elementor-widget-container\">\n\t\t\t\t\t\t\t<div class=\"elementor-icon-box-wrapper\">\n\n\t\t\t\t\t\t<div class=\"elementor-icon-box-icon\">\n\t\t\t\t<span  class=\"elementor-icon\">\n\t\t\t\t<svg aria-hidden=\"true\" class=\"e-font-icon-svg e-fas-cubes\" viewBox=\"0 0 512 512\" xmlns=\"http:\/\/www.w3.org\/2000\/svg\"><path d=\"M488.6 250.2L392 214V105.5c0-15-9.3-28.4-23.4-33.7l-100-37.5c-8.1-3.1-17.1-3.1-25.3 0l-100 37.5c-14.1 5.3-23.4 18.7-23.4 33.7V214l-96.6 36.2C9.3 255.5 0 268.9 0 283.9V394c0 13.6 7.7 26.1 19.9 32.2l100 50c10.1 5.1 22.1 5.1 32.2 0l103.9-52 103.9 52c10.1 5.1 22.1 5.1 32.2 0l100-50c12.2-6.1 19.9-18.6 19.9-32.2V283.9c0-15-9.3-28.4-23.4-33.7zM358 214.8l-85 31.9v-68.2l85-37v73.3zM154 104.1l102-38.2 102 38.2v.6l-102 41.4-102-41.4v-.6zm84 291.1l-85 42.5v-79.1l85-38.8v75.4zm0-112l-102 41.4-102-41.4v-.6l102-38.2 102 38.2v.6zm240 112l-85 42.5v-79.1l85-38.8v75.4zm0-112l-102 41.4-102-41.4v-.6l102-38.2 102 38.2v.6z\"><\/path><\/svg>\t\t\t\t<\/span>\n\t\t\t<\/div>\n\t\t\t\n\t\t\t\t\t\t<div class=\"elementor-icon-box-content\">\n\n\t\t\t\t\t\t\t\t\t<h4 class=\"elementor-icon-box-title\">\n\t\t\t\t\t\t<span  >\n\t\t\t\t\t\t\tSyst\u00e8mes de vannes avanc\u00e9s et con\u00e7us avec pr\u00e9cision\t\t\t\t\t\t<\/span>\n\t\t\t\t\t<\/h4>\n\t\t\t\t\n\t\t\t\t\n\t\t\t<\/div>\n\t\t\t\n\t\t<\/div>\n\t\t\t\t\t\t<\/div>\n\t\t\t\t<\/div>\n\t\t\t\t<\/div>\n\t\t<div class=\"elementor-element elementor-element-1bd57ff2 e-con-full e-flex e-con e-child\" data-id=\"1bd57ff2\" data-element_type=\"container\" data-settings=\"{&quot;background_background&quot;:&quot;classic&quot;}\">\n\t\t\t\t<div class=\"elementor-element elementor-element-6fda4f47 elementor-boxstretch-yes elementor-view-default elementor-position-top elementor-mobile-position-top elementor-widget elementor-widget-icon-box\" data-id=\"6fda4f47\" data-element_type=\"widget\" data-widget_type=\"icon-box.default\">\n\t\t\t\t<div class=\"elementor-widget-container\">\n\t\t\t\t\t\t\t<div class=\"elementor-icon-box-wrapper\">\n\n\t\t\t\t\t\t<div class=\"elementor-icon-box-icon\">\n\t\t\t\t<span  class=\"elementor-icon\">\n\t\t\t\t<svg aria-hidden=\"true\" class=\"e-font-icon-svg e-fas-wave-square\" viewBox=\"0 0 640 512\" xmlns=\"http:\/\/www.w3.org\/2000\/svg\"><path d=\"M476 480H324a36 36 0 0 1-36-36V96h-96v156a36 36 0 0 1-36 36H16a16 16 0 0 1-16-16v-32a16 16 0 0 1 16-16h112V68a36 36 0 0 1 36-36h152a36 36 0 0 1 36 36v348h96V260a36 36 0 0 1 36-36h140a16 16 0 0 1 16 16v32a16 16 0 0 1-16 16H512v156a36 36 0 0 1-36 36z\"><\/path><\/svg>\t\t\t\t<\/span>\n\t\t\t<\/div>\n\t\t\t\n\t\t\t\t\t\t<div class=\"elementor-icon-box-content\">\n\n\t\t\t\t\t\t\t\t\t<h4 class=\"elementor-icon-box-title\">\n\t\t\t\t\t\t<span  >\n\t\t\t\t\t\t\tAssistance d'experts avant et apr\u00e8s l'installation\t\t\t\t\t\t<\/span>\n\t\t\t\t\t<\/h4>\n\t\t\t\t\n\t\t\t\t\n\t\t\t<\/div>\n\t\t\t\n\t\t<\/div>\n\t\t\t\t\t\t<\/div>\n\t\t\t\t<\/div>\n\t\t\t\t<\/div>\n\t\t<div class=\"elementor-element elementor-element-26f28b14 e-con-full e-flex e-con e-child\" data-id=\"26f28b14\" data-element_type=\"container\" data-settings=\"{&quot;background_background&quot;:&quot;classic&quot;}\">\n\t\t\t\t<div class=\"elementor-element elementor-element-683c2d02 elementor-boxstretch-yes elementor-view-default elementor-position-top elementor-mobile-position-top elementor-widget elementor-widget-icon-box\" data-id=\"683c2d02\" data-element_type=\"widget\" data-widget_type=\"icon-box.default\">\n\t\t\t\t<div class=\"elementor-widget-container\">\n\t\t\t\t\t\t\t<div class=\"elementor-icon-box-wrapper\">\n\n\t\t\t\t\t\t<div class=\"elementor-icon-box-icon\">\n\t\t\t\t<span  class=\"elementor-icon\">\n\t\t\t\t<svg aria-hidden=\"true\" class=\"e-font-icon-svg e-fas-weight\" viewBox=\"0 0 512 512\" xmlns=\"http:\/\/www.w3.org\/2000\/svg\"><path d=\"M448 64h-25.98C438.44 92.28 448 125.01 448 160c0 105.87-86.13 192-192 192S64 265.87 64 160c0-34.99 9.56-67.72 25.98-96H64C28.71 64 0 92.71 0 128v320c0 35.29 28.71 64 64 64h384c35.29 0 64-28.71 64-64V128c0-35.29-28.71-64-64-64zM256 320c88.37 0 160-71.63 160-160S344.37 0 256 0 96 71.63 96 160s71.63 160 160 160zm-.3-151.94l33.58-78.36c3.5-8.17 12.94-11.92 21.03-8.41 8.12 3.48 11.88 12.89 8.41 21l-33.67 78.55C291.73 188 296 197.45 296 208c0 22.09-17.91 40-40 40s-40-17.91-40-40c0-21.98 17.76-39.77 39.7-39.94z\"><\/path><\/svg>\t\t\t\t<\/span>\n\t\t\t<\/div>\n\t\t\t\n\t\t\t\t\t\t<div class=\"elementor-icon-box-content\">\n\n\t\t\t\t\t\t\t\t\t<h4 class=\"elementor-icon-box-title\">\n\t\t\t\t\t\t<span  >\n\t\t\t\t\t\t\tDes solutions personnalisables pour toutes les \u00e9chelles et tous les secteurs d'activit\u00e9\t\t\t\t\t\t<\/span>\n\t\t\t\t\t<\/h4>\n\t\t\t\t\n\t\t\t\t\n\t\t\t<\/div>\n\t\t\t\n\t\t<\/div>\n\t\t\t\t\t\t<\/div>\n\t\t\t\t<\/div>\n\t\t\t\t<\/div>\n\t\t\t\t<\/div>\n\t\t\t\t\t<\/div>\n\t\t\t\t<\/div>\n\t\t\t\t<\/div>\n\t\t","protected":false},"excerpt":{"rendered":"<p>Johntek Valve, leader des solutions de vannes d&#039;eau depuis 2022 \u00c0 propos de nous Depuis sa cr\u00e9ation en 2022, Johntek Valve s&rsquo;est rapidement impos\u00e9e comme une r\u00e9f\u00e9rence dans le secteur mondial des vannes d&rsquo;eau. Forts d&rsquo;un engagement ferme en faveur de l&rsquo;innovation, de la qualit\u00e9 et de la pr\u00e9cision, nous proposons des solutions enti\u00e8rement int\u00e9gr\u00e9es [&hellip;]<\/p>\n","protected":false},"author":1,"featured_media":0,"parent":0,"menu_order":0,"comment_status":"closed","ping_status":"closed","template":"elementor_header_footer","meta":{"footnotes":""},"class_list":["post-1995","page","type-page","status-publish","hentry"],"_links":{"self":[{"href":"https:\/\/johntekvalve.com\/fr\/wp-json\/wp\/v2\/pages\/1995","targetHints":{"allow":["GET"]}}],"collection":[{"href":"https:\/\/johntekvalve.com\/fr\/wp-json\/wp\/v2\/pages"}],"about":[{"href":"https:\/\/johntekvalve.com\/fr\/wp-json\/wp\/v2\/types\/page"}],"author":[{"embeddable":true,"href":"https:\/\/johntekvalve.com\/fr\/wp-json\/wp\/v2\/users\/1"}],"replies":[{"embeddable":true,"href":"https:\/\/johntekvalve.com\/fr\/wp-json\/wp\/v2\/comments?post=1995"}],"version-history":[{"count":4,"href":"https:\/\/johntekvalve.com\/fr\/wp-json\/wp\/v2\/pages\/1995\/revisions"}],"predecessor-version":[{"id":2004,"href":"https:\/\/johntekvalve.com\/fr\/wp-json\/wp\/v2\/pages\/1995\/revisions\/2004"}],"wp:attachment":[{"href":"https:\/\/johntekvalve.com\/fr\/wp-json\/wp\/v2\/media?parent=1995"}],"curies":[{"name":"wp","href":"https:\/\/api.w.org\/{rel}","templated":true}]}}