{"id":868,"date":"2025-04-14T06:18:08","date_gmt":"2025-04-14T06:18:08","guid":{"rendered":"https:\/\/johntekvalve.com\/?page_id=868"},"modified":"2025-04-16T06:23:09","modified_gmt":"2025-04-16T06:23:09","slug":"sobre-nosotras","status":"publish","type":"page","link":"https:\/\/johntekvalve.com\/es\/sobre-nosotras\/","title":{"rendered":"Sobre nosotras"},"content":{"rendered":"\t\t<div data-elementor-type=\"wp-page\" data-elementor-id=\"868\" class=\"elementor elementor-868 elementor-151\" data-elementor-post-type=\"page\">\n\t\t\t\t<div class=\"elementor-element elementor-element-7c632756 e-flex e-con-boxed e-con e-parent\" data-id=\"7c632756\" data-element_type=\"container\" data-settings=\"{&quot;background_background&quot;:&quot;classic&quot;}\">\n\t\t\t\t\t<div class=\"e-con-inner\">\n\t\t<div class=\"elementor-element elementor-element-1394c2cf e-con-full e-flex e-con e-child\" data-id=\"1394c2cf\" data-element_type=\"container\">\n\t\t<div class=\"elementor-element elementor-element-71802a6 e-con-full e-flex e-con e-child\" data-id=\"71802a6\" data-element_type=\"container\">\n\t\t\t\t<div class=\"elementor-element elementor-element-347f3f5 elementor-widget elementor-widget-gum_heading\" data-id=\"347f3f5\" data-element_type=\"widget\" data-widget_type=\"gum_heading.default\">\n\t\t\t\t<div class=\"elementor-widget-container\">\n\t\t\t\t\t<div class=\"gum-widget-title\"><h1 class=\"section-main-title size-large\"><span class=\"prefix\"><\/span><span class=\"maintitle\">Johntek Valve, l\u00edder en soluciones de v\u00e1lvulas de agua desde 2022<\/span><span class=\"subfix\"><\/span><\/h1><\/div>\t\t\t\t<\/div>\n\t\t\t\t<\/div>\n\t\t\t\t<\/div>\n\t\t\t\t<\/div>\n\t\t\t\t\t<\/div>\n\t\t\t\t<\/div>\n\t\t<div class=\"elementor-element elementor-element-17c6e81f e-flex e-con-boxed elementor-invisible e-con e-parent\" data-id=\"17c6e81f\" data-element_type=\"container\" data-settings=\"{&quot;animation&quot;:&quot;slideInUp&quot;,&quot;background_background&quot;:&quot;classic&quot;}\">\n\t\t\t\t\t<div class=\"e-con-inner\">\n\t\t<div class=\"elementor-element elementor-element-e73fa6c e-con-full e-grid e-con e-child\" data-id=\"e73fa6c\" data-element_type=\"container\" data-settings=\"{&quot;animation_mobile&quot;:&quot;none&quot;}\">\n\t\t\t\t<div class=\"elementor-element elementor-element-21b61de elementor-widget elementor-widget-icon-box\" data-id=\"21b61de\" data-element_type=\"widget\" data-widget_type=\"icon-box.default\">\n\t\t\t\t<div class=\"elementor-widget-container\">\n\t\t\t\t\t\t\t<div class=\"elementor-icon-box-wrapper\">\n\n\t\t\t\n\t\t\t\t\t\t<div class=\"elementor-icon-box-content\">\n\n\t\t\t\t\t\t\t\t\t<h3 class=\"elementor-icon-box-title\">\n\t\t\t\t\t\t<span  >\n\t\t\t\t\t\t\tSobre nosotras\t\t\t\t\t\t<\/span>\n\t\t\t\t\t<\/h3>\n\t\t\t\t\n\t\t\t\t\t\t\t\t\t<p class=\"elementor-icon-box-description\">\n\t\t\t\t\t\tDesde nuestra fundaci\u00f3n en 2022, Johntek Valve se ha consolidado r\u00e1pidamente como una marca de confianza en la industria global de v\u00e1lvulas de agua. Con un firme compromiso con la innovaci\u00f3n, la calidad y la precisi\u00f3n, ofrecemos soluciones totalmente integradas que superan las expectativas de los clientes en diversos sectores.\t\t\t\t\t<\/p>\n\t\t\t\t\n\t\t\t<\/div>\n\t\t\t\n\t\t<\/div>\n\t\t\t\t\t\t<\/div>\n\t\t\t\t<\/div>\n\t\t\t\t<\/div>\n\t\t\t\t\t<\/div>\n\t\t\t\t<\/div>\n\t\t<div class=\"elementor-element elementor-element-b57d307 e-flex e-con-boxed e-con e-parent\" data-id=\"b57d307\" data-element_type=\"container\">\n\t\t\t\t\t<div class=\"e-con-inner\">\n\t\t\t\t<div class=\"elementor-element elementor-element-8efd7e3 elementor-widget elementor-widget-image\" data-id=\"8efd7e3\" data-element_type=\"widget\" data-widget_type=\"image.default\">\n\t\t\t\t<div class=\"elementor-widget-container\">\n\t\t\t\t\t\t\t\t\t\t\t\t\t\t\t<img fetchpriority=\"high\" decoding=\"async\" width=\"724\" height=\"1024\" src=\"https:\/\/johntekvalve.com\/wp-content\/uploads\/2025\/04\/ISO-CERTIFICATE-1-724x1024.jpg\" class=\"attachment-large size-large wp-image-864\" alt=\"\" srcset=\"https:\/\/johntekvalve.com\/wp-content\/uploads\/2025\/04\/ISO-CERTIFICATE-1-724x1024.jpg 724w, https:\/\/johntekvalve.com\/wp-content\/uploads\/2025\/04\/ISO-CERTIFICATE-1-212x300.jpg 212w, https:\/\/johntekvalve.com\/wp-content\/uploads\/2025\/04\/ISO-CERTIFICATE-1-768x1086.jpg 768w, https:\/\/johntekvalve.com\/wp-content\/uploads\/2025\/04\/ISO-CERTIFICATE-1-1087x1536.jpg 1087w, https:\/\/johntekvalve.com\/wp-content\/uploads\/2025\/04\/ISO-CERTIFICATE-1.jpg 1240w\" sizes=\"(max-width: 724px) 100vw, 724px\" \/>\t\t\t\t\t\t\t\t\t\t\t\t\t\t\t<\/div>\n\t\t\t\t<\/div>\n\t\t\t\t\t<\/div>\n\t\t\t\t<\/div>\n\t\t<div class=\"elementor-element elementor-element-32615460 e-flex e-con-boxed e-con e-parent\" data-id=\"32615460\" data-element_type=\"container\" data-settings=\"{&quot;background_background&quot;:&quot;classic&quot;}\">\n\t\t\t\t\t<div class=\"e-con-inner\">\n\t\t<div class=\"elementor-element elementor-element-774f8c2f e-con-full e-flex e-con e-child\" data-id=\"774f8c2f\" data-element_type=\"container\" data-settings=\"{&quot;animation_mobile&quot;:&quot;none&quot;}\">\n\t\t\t\t<div class=\"elementor-element elementor-element-9e7f3f8 elementor-widget elementor-widget-icon-box\" data-id=\"9e7f3f8\" data-element_type=\"widget\" data-widget_type=\"icon-box.default\">\n\t\t\t\t<div class=\"elementor-widget-container\">\n\t\t\t\t\t\t\t<div class=\"elementor-icon-box-wrapper\">\n\n\t\t\t\n\t\t\t\t\t\t<div class=\"elementor-icon-box-content\">\n\n\t\t\t\t\t\t\t\t\t<h3 class=\"elementor-icon-box-title\">\n\t\t\t\t\t\t<span  >\n\t\t\t\t\t\t\tNuestra Misi\u00f3n y Visi\u00f3n\t\t\t\t\t\t<\/span>\n\t\t\t\t\t<\/h3>\n\t\t\t\t\n\t\t\t\t\t\t\t\t\t<p class=\"elementor-icon-box-description\">\n\t\t\t\t\t\tNuestra misi\u00f3n es proporcionar soluciones de v\u00e1lvulas confiables y de alto rendimiento que garanticen la eficiencia y la continuidad en sistemas de agua, desde usos residenciales sencillos hasta proyectos industriales y de infraestructura complejos.\nNuestra visi\u00f3n es convertirnos en el socio global de mayor confianza en tecnolog\u00edas de control de caudal de agua, liderando el futuro de la industria mediante la innovaci\u00f3n y la sostenibilidad.\t\t\t\t\t<\/p>\n\t\t\t\t\n\t\t\t<\/div>\n\t\t\t\n\t\t<\/div>\n\t\t\t\t\t\t<\/div>\n\t\t\t\t<\/div>\n\t\t\t\t<\/div>\n\t\t\t\t\t<\/div>\n\t\t\t\t<\/div>\n\t\t<div class=\"elementor-element elementor-element-580ae59 e-flex e-con-boxed elementor-invisible e-con e-parent\" data-id=\"580ae59\" data-element_type=\"container\" data-settings=\"{&quot;animation&quot;:&quot;slideInUp&quot;,&quot;background_background&quot;:&quot;classic&quot;}\">\n\t\t\t\t\t<div class=\"e-con-inner\">\n\t\t<div class=\"elementor-element elementor-element-94f05ef e-con-full e-flex e-con e-child\" data-id=\"94f05ef\" data-element_type=\"container\" data-settings=\"{&quot;animation_mobile&quot;:&quot;none&quot;}\">\n\t\t\t\t<div class=\"elementor-element elementor-element-1cbfe5a elementor-widget elementor-widget-icon-box\" data-id=\"1cbfe5a\" data-element_type=\"widget\" data-widget_type=\"icon-box.default\">\n\t\t\t\t<div class=\"elementor-widget-container\">\n\t\t\t\t\t\t\t<div class=\"elementor-icon-box-wrapper\">\n\n\t\t\t\n\t\t\t\t\t\t<div class=\"elementor-icon-box-content\">\n\n\t\t\t\t\t\t\t\t\t<h3 class=\"elementor-icon-box-title\">\n\t\t\t\t\t\t<span  >\n\t\t\t\t\t\t\tInnovaci\u00f3n y calidad\t\t\t\t\t\t<\/span>\n\t\t\t\t\t<\/h3>\n\t\t\t\t\n\t\t\t\t\t\t\t\t\t<p class=\"elementor-icon-box-description\">\n\t\t\t\t\t\tEn Johntek Valve, no solo fabricamos v\u00e1lvulas, sino que innovamos en soluciones integrales de flujo. Cada producto est\u00e1 dise\u00f1ado con tecnolog\u00eda de vanguardia, lo que garantiza un rendimiento \u00f3ptimo, durabilidad y facilidad de uso. Nuestras v\u00e1lvulas se someten a rigurosas pruebas para cumplir con los m\u00e1s altos est\u00e1ndares, garantizando as\u00ed su fiabilidad incluso en los entornos m\u00e1s exigentes.\t\t\t\t\t<\/p>\n\t\t\t\t\n\t\t\t<\/div>\n\t\t\t\n\t\t<\/div>\n\t\t\t\t\t\t<\/div>\n\t\t\t\t<\/div>\n\t\t\t\t<\/div>\n\t\t\t\t\t<\/div>\n\t\t\t\t<\/div>\n\t\t<div class=\"elementor-element elementor-element-e1a7b81 e-flex e-con-boxed e-con e-parent\" data-id=\"e1a7b81\" data-element_type=\"container\" data-settings=\"{&quot;background_background&quot;:&quot;classic&quot;}\">\n\t\t\t\t\t<div class=\"e-con-inner\">\n\t\t<div class=\"elementor-element elementor-element-0ab7f3b e-con-full e-flex e-con e-child\" data-id=\"0ab7f3b\" data-element_type=\"container\" data-settings=\"{&quot;animation_mobile&quot;:&quot;none&quot;}\">\n\t\t\t\t<div class=\"elementor-element elementor-element-c388fc5 elementor-widget elementor-widget-icon-box\" data-id=\"c388fc5\" data-element_type=\"widget\" data-widget_type=\"icon-box.default\">\n\t\t\t\t<div class=\"elementor-widget-container\">\n\t\t\t\t\t\t\t<div class=\"elementor-icon-box-wrapper\">\n\n\t\t\t\n\t\t\t\t\t\t<div class=\"elementor-icon-box-content\">\n\n\t\t\t\t\t\t\t\t\t<h3 class=\"elementor-icon-box-title\">\n\t\t\t\t\t\t<span  >\n\t\t\t\t\t\t\tNuestro compromiso con la sostenibilidad\t\t\t\t\t\t<\/span>\n\t\t\t\t\t<\/h3>\n\t\t\t\t\n\t\t\t\t\t\t\t\t\t<p class=\"elementor-icon-box-description\">\n\t\t\t\t\t\tLa sostenibilidad es fundamental en todo lo que hacemos. Trabajamos continuamente para desarrollar soluciones que reduzcan el desperdicio de agua, mejoren la eficiencia energ\u00e9tica y minimicen el impacto ambiental, contribuyendo as\u00ed a la preservaci\u00f3n de los recursos naturales para las generaciones futuras.\t\t\t\t\t<\/p>\n\t\t\t\t\n\t\t\t<\/div>\n\t\t\t\n\t\t<\/div>\n\t\t\t\t\t\t<\/div>\n\t\t\t\t<\/div>\n\t\t\t\t<\/div>\n\t\t\t\t\t<\/div>\n\t\t\t\t<\/div>\n\t\t<div class=\"elementor-element elementor-element-61da635a e-flex e-con-boxed e-con e-parent\" data-id=\"61da635a\" data-element_type=\"container\" data-settings=\"{&quot;background_background&quot;:&quot;classic&quot;}\">\n\t\t\t\t\t<div class=\"e-con-inner\">\n\t\t<div class=\"elementor-element elementor-element-42c56d46 e-con-full e-flex e-con e-child\" data-id=\"42c56d46\" data-element_type=\"container\" data-settings=\"{&quot;animation_mobile&quot;:&quot;none&quot;}\">\n\t\t<div class=\"elementor-element elementor-element-406a49fe e-con-full e-flex e-con e-child\" data-id=\"406a49fe\" data-element_type=\"container\">\n\t\t\t\t<div class=\"elementor-element elementor-element-79430c5a elementor-widget elementor-widget-heading\" data-id=\"79430c5a\" data-element_type=\"widget\" data-widget_type=\"heading.default\">\n\t\t\t\t<div class=\"elementor-widget-container\">\n\t\t\t\t\t<h5 class=\"elementor-heading-title elementor-size-default\">Por qu\u00e9 elegir la v\u00e1lvula Johntek?<\/h5>\t\t\t\t<\/div>\n\t\t\t\t<\/div>\n\t\t\t\t<\/div>\n\t\t\t\t<\/div>\n\t\t<div class=\"elementor-element elementor-element-4a6725f1 animated-fast e-con-full e-flex elementor-invisible e-con e-child\" data-id=\"4a6725f1\" data-element_type=\"container\" data-settings=\"{&quot;animation&quot;:&quot;fadeInUp&quot;}\">\n\t\t<div class=\"elementor-element elementor-element-66c0f332 e-con-full e-flex e-con e-child\" data-id=\"66c0f332\" data-element_type=\"container\" data-settings=\"{&quot;background_background&quot;:&quot;classic&quot;}\">\n\t\t\t\t<div class=\"elementor-element elementor-element-1d2e1653 elementor-boxstretch-yes elementor-view-default elementor-position-top elementor-mobile-position-top elementor-widget elementor-widget-icon-box\" data-id=\"1d2e1653\" data-element_type=\"widget\" data-widget_type=\"icon-box.default\">\n\t\t\t\t<div class=\"elementor-widget-container\">\n\t\t\t\t\t\t\t<div class=\"elementor-icon-box-wrapper\">\n\n\t\t\t\t\t\t<div class=\"elementor-icon-box-icon\">\n\t\t\t\t<span  class=\"elementor-icon\">\n\t\t\t\t<svg aria-hidden=\"true\" class=\"e-font-icon-svg e-fas-cubes\" viewBox=\"0 0 512 512\" xmlns=\"http:\/\/www.w3.org\/2000\/svg\"><path d=\"M488.6 250.2L392 214V105.5c0-15-9.3-28.4-23.4-33.7l-100-37.5c-8.1-3.1-17.1-3.1-25.3 0l-100 37.5c-14.1 5.3-23.4 18.7-23.4 33.7V214l-96.6 36.2C9.3 255.5 0 268.9 0 283.9V394c0 13.6 7.7 26.1 19.9 32.2l100 50c10.1 5.1 22.1 5.1 32.2 0l103.9-52 103.9 52c10.1 5.1 22.1 5.1 32.2 0l100-50c12.2-6.1 19.9-18.6 19.9-32.2V283.9c0-15-9.3-28.4-23.4-33.7zM358 214.8l-85 31.9v-68.2l85-37v73.3zM154 104.1l102-38.2 102 38.2v.6l-102 41.4-102-41.4v-.6zm84 291.1l-85 42.5v-79.1l85-38.8v75.4zm0-112l-102 41.4-102-41.4v-.6l102-38.2 102 38.2v.6zm240 112l-85 42.5v-79.1l85-38.8v75.4zm0-112l-102 41.4-102-41.4v-.6l102-38.2 102 38.2v.6z\"><\/path><\/svg>\t\t\t\t<\/span>\n\t\t\t<\/div>\n\t\t\t\n\t\t\t\t\t\t<div class=\"elementor-icon-box-content\">\n\n\t\t\t\t\t\t\t\t\t<h4 class=\"elementor-icon-box-title\">\n\t\t\t\t\t\t<span  >\n\t\t\t\t\t\t\tSistemas de v\u00e1lvulas avanzados dise\u00f1ados con precisi\u00f3n\t\t\t\t\t\t<\/span>\n\t\t\t\t\t<\/h4>\n\t\t\t\t\n\t\t\t\t\n\t\t\t<\/div>\n\t\t\t\n\t\t<\/div>\n\t\t\t\t\t\t<\/div>\n\t\t\t\t<\/div>\n\t\t\t\t<\/div>\n\t\t<div class=\"elementor-element elementor-element-1bd57ff2 e-con-full e-flex e-con e-child\" data-id=\"1bd57ff2\" data-element_type=\"container\" data-settings=\"{&quot;background_background&quot;:&quot;classic&quot;}\">\n\t\t\t\t<div class=\"elementor-element elementor-element-6fda4f47 elementor-boxstretch-yes elementor-view-default elementor-position-top elementor-mobile-position-top elementor-widget elementor-widget-icon-box\" data-id=\"6fda4f47\" data-element_type=\"widget\" data-widget_type=\"icon-box.default\">\n\t\t\t\t<div class=\"elementor-widget-container\">\n\t\t\t\t\t\t\t<div class=\"elementor-icon-box-wrapper\">\n\n\t\t\t\t\t\t<div class=\"elementor-icon-box-icon\">\n\t\t\t\t<span  class=\"elementor-icon\">\n\t\t\t\t<svg aria-hidden=\"true\" class=\"e-font-icon-svg e-fas-wave-square\" viewBox=\"0 0 640 512\" xmlns=\"http:\/\/www.w3.org\/2000\/svg\"><path d=\"M476 480H324a36 36 0 0 1-36-36V96h-96v156a36 36 0 0 1-36 36H16a16 16 0 0 1-16-16v-32a16 16 0 0 1 16-16h112V68a36 36 0 0 1 36-36h152a36 36 0 0 1 36 36v348h96V260a36 36 0 0 1 36-36h140a16 16 0 0 1 16 16v32a16 16 0 0 1-16 16H512v156a36 36 0 0 1-36 36z\"><\/path><\/svg>\t\t\t\t<\/span>\n\t\t\t<\/div>\n\t\t\t\n\t\t\t\t\t\t<div class=\"elementor-icon-box-content\">\n\n\t\t\t\t\t\t\t\t\t<h4 class=\"elementor-icon-box-title\">\n\t\t\t\t\t\t<span  >\n\t\t\t\t\t\t\tSoporte experto antes y despu\u00e9s de la instalaci\u00f3n\t\t\t\t\t\t<\/span>\n\t\t\t\t\t<\/h4>\n\t\t\t\t\n\t\t\t\t\n\t\t\t<\/div>\n\t\t\t\n\t\t<\/div>\n\t\t\t\t\t\t<\/div>\n\t\t\t\t<\/div>\n\t\t\t\t<\/div>\n\t\t<div class=\"elementor-element elementor-element-26f28b14 e-con-full e-flex e-con e-child\" data-id=\"26f28b14\" data-element_type=\"container\" data-settings=\"{&quot;background_background&quot;:&quot;classic&quot;}\">\n\t\t\t\t<div class=\"elementor-element elementor-element-683c2d02 elementor-boxstretch-yes elementor-view-default elementor-position-top elementor-mobile-position-top elementor-widget elementor-widget-icon-box\" data-id=\"683c2d02\" data-element_type=\"widget\" data-widget_type=\"icon-box.default\">\n\t\t\t\t<div class=\"elementor-widget-container\">\n\t\t\t\t\t\t\t<div class=\"elementor-icon-box-wrapper\">\n\n\t\t\t\t\t\t<div class=\"elementor-icon-box-icon\">\n\t\t\t\t<span  class=\"elementor-icon\">\n\t\t\t\t<svg aria-hidden=\"true\" class=\"e-font-icon-svg e-fas-weight\" viewBox=\"0 0 512 512\" xmlns=\"http:\/\/www.w3.org\/2000\/svg\"><path d=\"M448 64h-25.98C438.44 92.28 448 125.01 448 160c0 105.87-86.13 192-192 192S64 265.87 64 160c0-34.99 9.56-67.72 25.98-96H64C28.71 64 0 92.71 0 128v320c0 35.29 28.71 64 64 64h384c35.29 0 64-28.71 64-64V128c0-35.29-28.71-64-64-64zM256 320c88.37 0 160-71.63 160-160S344.37 0 256 0 96 71.63 96 160s71.63 160 160 160zm-.3-151.94l33.58-78.36c3.5-8.17 12.94-11.92 21.03-8.41 8.12 3.48 11.88 12.89 8.41 21l-33.67 78.55C291.73 188 296 197.45 296 208c0 22.09-17.91 40-40 40s-40-17.91-40-40c0-21.98 17.76-39.77 39.7-39.94z\"><\/path><\/svg>\t\t\t\t<\/span>\n\t\t\t<\/div>\n\t\t\t\n\t\t\t\t\t\t<div class=\"elementor-icon-box-content\">\n\n\t\t\t\t\t\t\t\t\t<h4 class=\"elementor-icon-box-title\">\n\t\t\t\t\t\t<span  >\n\t\t\t\t\t\t\tSoluciones personalizables para cualquier escala o industria\t\t\t\t\t\t<\/span>\n\t\t\t\t\t<\/h4>\n\t\t\t\t\n\t\t\t\t\n\t\t\t<\/div>\n\t\t\t\n\t\t<\/div>\n\t\t\t\t\t\t<\/div>\n\t\t\t\t<\/div>\n\t\t\t\t<\/div>\n\t\t\t\t<\/div>\n\t\t\t\t\t<\/div>\n\t\t\t\t<\/div>\n\t\t\t\t<\/div>\n\t\t","protected":false},"excerpt":{"rendered":"<p>Johntek Valve, l\u00edder en soluciones de v\u00e1lvulas de agua desde 2022 Sobre nosotras Desde nuestra fundaci\u00f3n en 2022, Johntek Valve se ha consolidado r\u00e1pidamente como una marca de confianza en la industria global de v\u00e1lvulas de agua. Con un firme compromiso con la innovaci\u00f3n, la calidad y la precisi\u00f3n, ofrecemos soluciones totalmente integradas que superan [&hellip;]<\/p>\n","protected":false},"author":1,"featured_media":0,"parent":0,"menu_order":0,"comment_status":"closed","ping_status":"closed","template":"elementor_header_footer","meta":{"footnotes":""},"class_list":["post-868","page","type-page","status-publish","hentry"],"_links":{"self":[{"href":"https:\/\/johntekvalve.com\/es\/wp-json\/wp\/v2\/pages\/868","targetHints":{"allow":["GET"]}}],"collection":[{"href":"https:\/\/johntekvalve.com\/es\/wp-json\/wp\/v2\/pages"}],"about":[{"href":"https:\/\/johntekvalve.com\/es\/wp-json\/wp\/v2\/types\/page"}],"author":[{"embeddable":true,"href":"https:\/\/johntekvalve.com\/es\/wp-json\/wp\/v2\/users\/1"}],"replies":[{"embeddable":true,"href":"https:\/\/johntekvalve.com\/es\/wp-json\/wp\/v2\/comments?post=868"}],"version-history":[{"count":7,"href":"https:\/\/johntekvalve.com\/es\/wp-json\/wp\/v2\/pages\/868\/revisions"}],"predecessor-version":[{"id":1926,"href":"https:\/\/johntekvalve.com\/es\/wp-json\/wp\/v2\/pages\/868\/revisions\/1926"}],"wp:attachment":[{"href":"https:\/\/johntekvalve.com\/es\/wp-json\/wp\/v2\/media?parent=868"}],"curies":[{"name":"wp","href":"https:\/\/api.w.org\/{rel}","templated":true}]}}