{"id":1155,"date":"2025-04-14T06:18:33","date_gmt":"2025-04-14T06:18:33","guid":{"rendered":"https:\/\/johntekvalve.com\/?page_id=1155"},"modified":"2025-04-15T12:21:36","modified_gmt":"2025-04-15T12:21:36","slug":"condiciones-de-servicio","status":"publish","type":"page","link":"https:\/\/johntekvalve.com\/es\/condiciones-de-servicio\/","title":{"rendered":"Condiciones de servicio"},"content":{"rendered":"\t\t<div data-elementor-type=\"wp-page\" data-elementor-id=\"1155\" class=\"elementor elementor-1155 elementor-153\" data-elementor-post-type=\"page\">\n\t\t\t\t<div class=\"elementor-element elementor-element-5fe682ce e-flex e-con-boxed e-con e-parent\" data-id=\"5fe682ce\" data-element_type=\"container\" data-settings=\"{&quot;background_background&quot;:&quot;classic&quot;}\">\n\t\t\t\t\t<div class=\"e-con-inner\">\n\t\t<div class=\"elementor-element elementor-element-d8f6446 e-con-full e-flex e-con e-child\" data-id=\"d8f6446\" data-element_type=\"container\">\n\t\t<div class=\"elementor-element elementor-element-4293f143 e-con-full e-flex e-con e-child\" data-id=\"4293f143\" data-element_type=\"container\">\n\t\t\t\t<div class=\"elementor-element elementor-element-1673e720 elementor-widget elementor-widget-gum_heading\" data-id=\"1673e720\" data-element_type=\"widget\" data-widget_type=\"gum_heading.default\">\n\t\t\t\t<div class=\"elementor-widget-container\">\n\t\t\t\t\t<div class=\"gum-widget-title\"><h1 class=\"section-main-title size-large\">Condiciones de servicio<\/h1><\/div>\t\t\t\t<\/div>\n\t\t\t\t<\/div>\n\t\t\t\t<\/div>\n\t\t\t\t<\/div>\n\t\t\t\t\t<\/div>\n\t\t\t\t<\/div>\n\t\t<div class=\"elementor-element elementor-element-3fe3bd4d e-flex e-con-boxed e-con e-parent\" data-id=\"3fe3bd4d\" data-element_type=\"container\" data-settings=\"{&quot;background_background&quot;:&quot;classic&quot;}\">\n\t\t\t\t\t<div class=\"e-con-inner\">\n\t\t\t\t<div class=\"elementor-element elementor-element-3144aeb elementor-widget elementor-widget-text-editor\" data-id=\"3144aeb\" data-element_type=\"widget\" data-widget_type=\"text-editor.default\">\n\t\t\t\t<div class=\"elementor-widget-container\">\n\t\t\t\t\t\t\t\t\t<h3 class=\"\" style=\"text-align: center;\" data-start=\"50\" data-end=\"85\">Bienvenido a JohntekValve.com<\/h3><p class=\"\" style=\"text-align: center;\" data-start=\"86\" data-end=\"266\">Al acceder o utilizar nuestro sitio web, usted acepta estar sujeto a los siguientes T\u00e9rminos de Servicio. Si no est\u00e1 de acuerdo con estos t\u00e9rminos, no debe utilizar este sitio web.<\/p><h3 class=\"\" style=\"text-align: center;\" data-start=\"268\" data-end=\"300\">Aceptaci\u00f3n de los T\u00e9rminos<\/h3><p class=\"\" style=\"text-align: center;\" data-start=\"301\" data-end=\"519\">Al acceder y utilizar este sitio web, usted acepta y se compromete a cumplir los t\u00e9rminos y condiciones establecidos en este acuerdo. Si no est\u00e1 de acuerdo con estos t\u00e9rminos, por favor abst\u00e9ngase de utilizar el sitio.<\/p><h3 class=\"\" style=\"text-align: center;\" data-start=\"521\" data-end=\"555\">Descripci\u00f3n de los Servicios<\/h3><p class=\"\" style=\"text-align: center;\" data-start=\"556\" data-end=\"902\">JohntekValve.com proporciona informaci\u00f3n sobre los productos ofrecidos por Johntek Valves, incluyendo im\u00e1genes, descripciones y especificaciones t\u00e9cnicas en forma de archivos PDF descargables. El sitio web es \u00fanicamente informativo y no proporciona precios, opciones de pago ni la posibilidad de comprar productos directamente a trav\u00e9s del sitio.<\/p><h3 class=\"\" style=\"text-align: center;\" data-start=\"904\" data-end=\"932\">Sin Ventas ni Registro<\/h3><p class=\"\" style=\"text-align: center;\" data-start=\"933\" data-end=\"1248\">Nuestro sitio web est\u00e1 dise\u00f1ado exclusivamente con fines informativos. No ofrecemos ventas en l\u00ednea, y no puede registrarse para ning\u00fan servicio en este sitio. Cualquier consulta de compra u otro asunto comercial debe dirigirse a nuestra empresa a trav\u00e9s de la informaci\u00f3n de contacto proporcionada en el sitio web.<\/p><h3 class=\"\" style=\"text-align: center;\" data-start=\"1250\" data-end=\"1277\">Propiedad Intelectual<\/h3><p class=\"\" style=\"text-align: center;\" data-start=\"1278\" data-end=\"1666\">Todo el contenido de este sitio web, incluyendo, entre otros, im\u00e1genes de productos, descripciones, documentaci\u00f3n t\u00e9cnica, logotipos y otros materiales, son propiedad intelectual de Johntek Valves o est\u00e1n licenciados a nosotros, salvo que se indique lo contrario. No puede copiar, distribuir, reproducir ni utilizar ninguno de los materiales sin nuestro consentimiento previo por escrito.<\/p><h3 class=\"\" style=\"text-align: center;\" data-start=\"1668\" data-end=\"1691\">Uso del Sitio Web<\/h3><p class=\"\" style=\"text-align: center;\" data-start=\"1692\" data-end=\"1989\">Usted se compromete a utilizar el sitio web \u00fanicamente para fines legales y de manera que no infrinja los derechos ni restrinja o impida el uso del sitio por parte de otros. No debe intentar obtener acceso no autorizado a ninguna parte del sitio ni interrumpir su funcionamiento de ninguna manera.<\/p><h3 class=\"\" style=\"text-align: center;\" data-start=\"1991\" data-end=\"2029\">Enlaces a Sitios Web de Terceros<\/h3><p class=\"\" style=\"text-align: center;\" data-start=\"2030\" data-end=\"2353\">Nuestro sitio puede contener enlaces a sitios web de terceros. Estos enlaces se proporcionan para su conveniencia y referencia. No respaldamos ni tenemos control sobre el contenido o las pr\u00e1cticas de estos sitios. Le recomendamos revisar los t\u00e9rminos y pol\u00edticas de privacidad de cualquier sitio web de terceros que visite.<\/p><h3 class=\"\" style=\"text-align: center;\" data-start=\"2355\" data-end=\"2396\">No Recopilaci\u00f3n de Datos Personales<\/h3><p class=\"\" style=\"text-align: center;\" data-start=\"2397\" data-end=\"2566\">No recopilamos, almacenamos ni procesamos ning\u00fan dato personal de los usuarios de este sitio web. Para m\u00e1s detalles, por favor consulte nuestra [Pol\u00edtica de Privacidad].<\/p>\t\t\t\t\t\t\t\t<\/div>\n\t\t\t\t<\/div>\n\t\t\t\t\t<\/div>\n\t\t\t\t<\/div>\n\t\t\t\t<\/div>\n\t\t","protected":false},"excerpt":{"rendered":"<p>Condiciones de servicio Bienvenido a JohntekValve.com Al acceder o utilizar nuestro sitio web, usted acepta estar sujeto a los siguientes T\u00e9rminos de Servicio. Si no est\u00e1 de acuerdo con estos t\u00e9rminos, no debe utilizar este sitio web. Aceptaci\u00f3n de los T\u00e9rminos Al acceder y utilizar este sitio web, usted acepta y se compromete a cumplir [&hellip;]<\/p>\n","protected":false},"author":1,"featured_media":0,"parent":0,"menu_order":0,"comment_status":"closed","ping_status":"closed","template":"elementor_header_footer","meta":{"footnotes":""},"class_list":["post-1155","page","type-page","status-publish","hentry"],"_links":{"self":[{"href":"https:\/\/johntekvalve.com\/es\/wp-json\/wp\/v2\/pages\/1155","targetHints":{"allow":["GET"]}}],"collection":[{"href":"https:\/\/johntekvalve.com\/es\/wp-json\/wp\/v2\/pages"}],"about":[{"href":"https:\/\/johntekvalve.com\/es\/wp-json\/wp\/v2\/types\/page"}],"author":[{"embeddable":true,"href":"https:\/\/johntekvalve.com\/es\/wp-json\/wp\/v2\/users\/1"}],"replies":[{"embeddable":true,"href":"https:\/\/johntekvalve.com\/es\/wp-json\/wp\/v2\/comments?post=1155"}],"version-history":[{"count":4,"href":"https:\/\/johntekvalve.com\/es\/wp-json\/wp\/v2\/pages\/1155\/revisions"}],"predecessor-version":[{"id":1159,"href":"https:\/\/johntekvalve.com\/es\/wp-json\/wp\/v2\/pages\/1155\/revisions\/1159"}],"wp:attachment":[{"href":"https:\/\/johntekvalve.com\/es\/wp-json\/wp\/v2\/media?parent=1155"}],"curies":[{"name":"wp","href":"https:\/\/api.w.org\/{rel}","templated":true}]}}