{"id":1073,"date":"2025-04-14T06:18:50","date_gmt":"2025-04-14T06:18:50","guid":{"rendered":"https:\/\/johntekvalve.com\/?page_id=1073"},"modified":"2025-04-16T07:50:52","modified_gmt":"2025-04-16T07:50:52","slug":"politica-de-privacidad","status":"publish","type":"page","link":"https:\/\/johntekvalve.com\/es\/politica-de-privacidad\/","title":{"rendered":"Pol\u00edtica de privacidad"},"content":{"rendered":"\t\t<div data-elementor-type=\"wp-page\" data-elementor-id=\"1073\" class=\"elementor elementor-1073 elementor-155\" data-elementor-post-type=\"page\">\n\t\t\t\t<div class=\"elementor-element elementor-element-1a3c3598 e-flex e-con-boxed e-con e-parent\" data-id=\"1a3c3598\" data-element_type=\"container\" data-settings=\"{&quot;background_background&quot;:&quot;classic&quot;}\">\n\t\t\t\t\t<div class=\"e-con-inner\">\n\t\t<div class=\"elementor-element elementor-element-3975ad3f e-con-full e-flex e-con e-child\" data-id=\"3975ad3f\" data-element_type=\"container\">\n\t\t<div class=\"elementor-element elementor-element-5ac042af e-con-full e-flex e-con e-child\" data-id=\"5ac042af\" data-element_type=\"container\">\n\t\t\t\t<div class=\"elementor-element elementor-element-532104f5 elementor-widget elementor-widget-gum_heading\" data-id=\"532104f5\" data-element_type=\"widget\" data-widget_type=\"gum_heading.default\">\n\t\t\t\t<div class=\"elementor-widget-container\">\n\t\t\t\t\t<div class=\"gum-widget-title\"><h1 class=\"section-main-title size-large\">Pol\u00edtica de privacidad<\/h1><\/div>\t\t\t\t<\/div>\n\t\t\t\t<\/div>\n\t\t\t\t<\/div>\n\t\t\t\t<\/div>\n\t\t\t\t\t<\/div>\n\t\t\t\t<\/div>\n\t\t<div class=\"elementor-element elementor-element-51e28a4b e-flex e-con-boxed e-con e-parent\" data-id=\"51e28a4b\" data-element_type=\"container\" data-settings=\"{&quot;background_background&quot;:&quot;classic&quot;}\">\n\t\t\t\t\t<div class=\"e-con-inner\">\n\t\t\t\t<div class=\"elementor-element elementor-element-db9868c elementor-widget elementor-widget-text-editor\" data-id=\"db9868c\" data-element_type=\"widget\" data-widget_type=\"text-editor.default\">\n\t\t\t\t<div class=\"elementor-widget-container\">\n\t\t\t\t\t\t\t\t\t<p class=\"\" data-start=\"1441\" data-end=\"1675\">En JohntekValve.com, tu privacidad es muy importante para nosotros. Este documento de pol\u00edtica de privacidad describe los tipos de informaci\u00f3n que no recopilamos cuando usas nuestro sitio web, as\u00ed como c\u00f3mo garantizamos tu privacidad.<\/p><h4 class=\"\" data-start=\"1677\" data-end=\"1712\">Informaci\u00f3n que no recopilamos<\/h4><p class=\"\" data-start=\"1714\" data-end=\"1747\">Queremos asegurarte lo siguiente:<\/p><ul data-start=\"1749\" data-end=\"2095\"><li class=\"\" data-start=\"1749\" data-end=\"1846\"><p class=\"\" data-start=\"1751\" data-end=\"1846\">No se recopila ninguna informaci\u00f3n personal cuando visitas o interact\u00faas con nuestro sitio web.<\/p><\/li><li class=\"\" data-start=\"1847\" data-end=\"2003\"><p class=\"\" data-start=\"1849\" data-end=\"2003\">No solicitamos ni almacenamos ninguna informaci\u00f3n personalmente identificable (PII), como tu nombre, direcci\u00f3n de correo electr\u00f3nico o n\u00famero de tel\u00e9fono.<\/p><\/li><li class=\"\" data-start=\"2004\" data-end=\"2095\"><p class=\"\" data-start=\"2006\" data-end=\"2095\">No recopilamos cookies, direcciones IP ni ning\u00fan tipo de datos de an\u00e1lisis o seguimiento.<\/p><\/li><\/ul><h4 class=\"\" data-start=\"2097\" data-end=\"2123\">Servicios de terceros<\/h4><p class=\"\" data-start=\"2125\" data-end=\"2481\">Dado que no recopilamos ninguna informaci\u00f3n personal, no utilizamos servicios de terceros para rastrear o monitorear la actividad del usuario en este sitio. Cualquier enlace externo en nuestro sitio web puede llevar a sitios web de terceros, y te recomendamos revisar sus pol\u00edticas de privacidad por separado, ya que no somos responsables de sus pr\u00e1cticas.<\/p><h4 class=\"\" data-start=\"2483\" data-end=\"2510\">Seguridad de los datos<\/h4><p class=\"\" data-start=\"2512\" data-end=\"2763\">Dado que no recopilamos datos personales, no existen riesgos de seguridad asociados con la informaci\u00f3n personal. Sin embargo, seguimos priorizando la seguridad del sitio web para garantizar una experiencia de navegaci\u00f3n segura para todos los usuarios.<\/p><h4 class=\"\" data-start=\"2765\" data-end=\"2808\">Cambios en esta pol\u00edtica de privacidad<\/h4><p class=\"\" data-start=\"2810\" data-end=\"3064\">Podemos actualizar esta pol\u00edtica de privacidad peri\u00f3dicamente para reflejar cualquier cambio en nuestras pr\u00e1cticas o obligaciones legales. La \u00faltima versi\u00f3n siempre estar\u00e1 disponible en esta p\u00e1gina, con la fecha de vigencia indicada en la parte superior.<\/p><h4 class=\"\" data-start=\"3066\" data-end=\"3082\">Cont\u00e1ctanos<\/h4><p class=\"\" data-start=\"3084\" data-end=\"3228\">Si tienes alguna pregunta o inquietud sobre esta pol\u00edtica de privacidad, no dudes en ponerte en contacto con nosotros en: <a rel=\"noopener\" data-start=\"3206\" data-end=\"3228\">info@johntekvalve.com<\/a><\/p><p class=\"\" data-start=\"3230\" data-end=\"3262\">\u00a0<\/p>\t\t\t\t\t\t\t\t<\/div>\n\t\t\t\t<\/div>\n\t\t\t\t\t<\/div>\n\t\t\t\t<\/div>\n\t\t\t\t<\/div>\n\t\t","protected":false},"excerpt":{"rendered":"<p>Pol\u00edtica de privacidad En JohntekValve.com, tu privacidad es muy importante para nosotros. Este documento de pol\u00edtica de privacidad describe los tipos de informaci\u00f3n que no recopilamos cuando usas nuestro sitio web, as\u00ed como c\u00f3mo garantizamos tu privacidad. Informaci\u00f3n que no recopilamos Queremos asegurarte lo siguiente: No se recopila ninguna informaci\u00f3n personal cuando visitas o interact\u00faas [&hellip;]<\/p>\n","protected":false},"author":1,"featured_media":0,"parent":0,"menu_order":0,"comment_status":"closed","ping_status":"closed","template":"elementor_header_footer","meta":{"footnotes":""},"class_list":["post-1073","page","type-page","status-publish","hentry"],"_links":{"self":[{"href":"https:\/\/johntekvalve.com\/es\/wp-json\/wp\/v2\/pages\/1073","targetHints":{"allow":["GET"]}}],"collection":[{"href":"https:\/\/johntekvalve.com\/es\/wp-json\/wp\/v2\/pages"}],"about":[{"href":"https:\/\/johntekvalve.com\/es\/wp-json\/wp\/v2\/types\/page"}],"author":[{"embeddable":true,"href":"https:\/\/johntekvalve.com\/es\/wp-json\/wp\/v2\/users\/1"}],"replies":[{"embeddable":true,"href":"https:\/\/johntekvalve.com\/es\/wp-json\/wp\/v2\/comments?post=1073"}],"version-history":[{"count":7,"href":"https:\/\/johntekvalve.com\/es\/wp-json\/wp\/v2\/pages\/1073\/revisions"}],"predecessor-version":[{"id":1991,"href":"https:\/\/johntekvalve.com\/es\/wp-json\/wp\/v2\/pages\/1073\/revisions\/1991"}],"wp:attachment":[{"href":"https:\/\/johntekvalve.com\/es\/wp-json\/wp\/v2\/media?parent=1073"}],"curies":[{"name":"wp","href":"https:\/\/api.w.org\/{rel}","templated":true}]}}